{"id":18305,"date":"2019-10-18T10:00:46","date_gmt":"2019-10-18T08:00:46","guid":{"rendered":"https:\/\/www.itineris-building.fr\/accueil\/?page_id=18305"},"modified":"2023-04-11T17:49:34","modified_gmt":"2023-04-11T15:49:34","slug":"ou-sommes-nous","status":"publish","type":"page","link":"https:\/\/www.itineris-building.fr\/accueil\/ou-sommes-nous\/","title":{"rendered":"O\u00f9 sommes-nous ?"},"content":{"rendered":"\t\t<div data-elementor-type=\"wp-page\" data-elementor-id=\"18305\" class=\"elementor elementor-18305\">\n\t\t\t\t\t\t<section class=\"elementor-section elementor-top-section elementor-element elementor-element-52ec43d8 elementor-section-full_width elementor-section-stretched elementor-section-height-default elementor-section-height-default\" data-id=\"52ec43d8\" data-element_type=\"section\" data-settings=\"{&quot;stretch_section&quot;:&quot;section-stretched&quot;}\">\n\t\t\t\t\t\t<div class=\"elementor-container elementor-column-gap-no\">\n\t\t\t\t\t<div class=\"elementor-column elementor-col-100 elementor-top-column elementor-element elementor-element-bf5a874\" data-id=\"bf5a874\" data-element_type=\"column\">\n\t\t\t<div class=\"elementor-widget-wrap elementor-element-populated\">\n\t\t\t\t\t\t<section class=\"elementor-section elementor-inner-section elementor-element elementor-element-59c3bd90 elementor-section-full_width elementor-section-height-default elementor-section-height-default\" data-id=\"59c3bd90\" data-element_type=\"section\" data-settings=\"{&quot;background_background&quot;:&quot;classic&quot;}\">\n\t\t\t\t\t\t<div class=\"elementor-container elementor-column-gap-default\">\n\t\t\t\t\t<div class=\"elementor-column elementor-col-100 elementor-inner-column elementor-element elementor-element-6545d00b elementor-invisible\" data-id=\"6545d00b\" data-element_type=\"column\" data-settings=\"{&quot;animation&quot;:&quot;fadeInUp&quot;}\">\n\t\t\t<div class=\"elementor-widget-wrap elementor-element-populated\">\n\t\t\t\t\t\t<div class=\"elementor-element elementor-element-89e7e62 elementor-widget elementor-widget-spacer\" data-id=\"89e7e62\" data-element_type=\"widget\" data-widget_type=\"spacer.default\">\n\t\t\t\t<div class=\"elementor-widget-container\">\n\t\t\t\t\t\t\t<div class=\"elementor-spacer\">\n\t\t\t<div class=\"elementor-spacer-inner\"><\/div>\n\t\t<\/div>\n\t\t\t\t\t\t<\/div>\n\t\t\t\t<\/div>\n\t\t\t\t<div class=\"elementor-element elementor-element-6ee45dbb elementor-widget elementor-widget-heading\" data-id=\"6ee45dbb\" data-element_type=\"widget\" data-widget_type=\"heading.default\">\n\t\t\t\t<div class=\"elementor-widget-container\">\n\t\t\t\t\t<h2 class=\"elementor-heading-title elementor-size-default\">63000 Clermont-ferrand<\/h2>\t\t\t\t<\/div>\n\t\t\t\t<\/div>\n\t\t\t\t<div class=\"elementor-element elementor-element-4301695f elementor-widget elementor-widget-heading\" data-id=\"4301695f\" data-element_type=\"widget\" data-widget_type=\"heading.default\">\n\t\t\t\t<div class=\"elementor-widget-container\">\n\t\t\t\t\t<h3 class=\"elementor-heading-title elementor-size-default\">R\u00e9sidence Chavaniac \u2013 171 bd Lafayette<\/h3>\t\t\t\t<\/div>\n\t\t\t\t<\/div>\n\t\t\t\t<div class=\"elementor-element elementor-element-fd10c29 elementor-widget elementor-widget-image\" data-id=\"fd10c29\" data-element_type=\"widget\" data-widget_type=\"image.default\">\n\t\t\t\t<div class=\"elementor-widget-container\">\n\t\t\t\t\t\t\t\t\t\t\t\t\t\t\t<img fetchpriority=\"high\" decoding=\"async\" width=\"320\" height=\"290\" src=\"https:\/\/www.itineris-building.fr\/accueil\/wp-content\/uploads\/2019\/10\/locaux.png\" class=\"attachment-full size-full wp-image-18270\" alt=\"\" srcset=\"https:\/\/www.itineris-building.fr\/accueil\/wp-content\/uploads\/2019\/10\/locaux.png 320w, https:\/\/www.itineris-building.fr\/accueil\/wp-content\/uploads\/2019\/10\/locaux-300x272.png 300w\" sizes=\"(max-width: 320px) 100vw, 320px\" \/>\t\t\t\t\t\t\t\t\t\t\t\t\t\t\t<\/div>\n\t\t\t\t<\/div>\n\t\t\t\t<div class=\"elementor-element elementor-element-acaa753 elementor-widget elementor-widget-spacer\" data-id=\"acaa753\" data-element_type=\"widget\" data-widget_type=\"spacer.default\">\n\t\t\t\t<div class=\"elementor-widget-container\">\n\t\t\t\t\t\t\t<div class=\"elementor-spacer\">\n\t\t\t<div class=\"elementor-spacer-inner\"><\/div>\n\t\t<\/div>\n\t\t\t\t\t\t<\/div>\n\t\t\t\t<\/div>\n\t\t\t\t<div class=\"elementor-element elementor-element-4a746b4 elementor-icon-list--layout-inline elementor-align-center elementor-list-item-link-full_width elementor-widget elementor-widget-icon-list\" data-id=\"4a746b4\" data-element_type=\"widget\" data-widget_type=\"icon-list.default\">\n\t\t\t\t<div class=\"elementor-widget-container\">\n\t\t\t\t\t\t\t<ul class=\"elementor-icon-list-items elementor-inline-items\">\n\t\t\t\t\t\t\t<li class=\"elementor-icon-list-item elementor-inline-item\">\n\t\t\t\t\t\t\t\t\t\t\t<span class=\"elementor-icon-list-icon\">\n\t\t\t\t\t\t\t<i aria-hidden=\"true\" class=\"fas fa-location-arrow\"><\/i>\t\t\t\t\t\t<\/span>\n\t\t\t\t\t\t\t\t\t\t<span class=\"elementor-icon-list-text\">C\u00f4t\u00e9 C\u00e9zeaux \u2013 Face au Crousti Pain<\/span>\n\t\t\t\t\t\t\t\t\t<\/li>\n\t\t\t\t\t\t\t\t<li class=\"elementor-icon-list-item elementor-inline-item\">\n\t\t\t\t\t\t\t\t\t\t\t<span class=\"elementor-icon-list-icon\">\n\t\t\t\t\t\t\t<i aria-hidden=\"true\" class=\"fas fa-bus\"><\/i>\t\t\t\t\t\t<\/span>\n\t\t\t\t\t\t\t\t\t\t<span class=\"elementor-icon-list-text\">Acc\u00e8s Bus : Ligne 13 \u2013 Arr\u00eat Rochefeuille<\/span>\n\t\t\t\t\t\t\t\t\t<\/li>\n\t\t\t\t\t\t\t\t<li class=\"elementor-icon-list-item elementor-inline-item\">\n\t\t\t\t\t\t\t\t\t\t\t<span class=\"elementor-icon-list-icon\">\n\t\t\t\t\t\t\t<i aria-hidden=\"true\" class=\"fas fa-train\"><\/i>\t\t\t\t\t\t<\/span>\n\t\t\t\t\t\t\t\t\t\t<span class=\"elementor-icon-list-text\">Acc\u00e8s Tram : Margeride \u2013 Campus<\/span>\n\t\t\t\t\t\t\t\t\t<\/li>\n\t\t\t\t\t\t<\/ul>\n\t\t\t\t\t\t<\/div>\n\t\t\t\t<\/div>\n\t\t\t\t<div class=\"elementor-element elementor-element-61c148a elementor-widget elementor-widget-spacer\" data-id=\"61c148a\" data-element_type=\"widget\" data-widget_type=\"spacer.default\">\n\t\t\t\t<div class=\"elementor-widget-container\">\n\t\t\t\t\t\t\t<div class=\"elementor-spacer\">\n\t\t\t<div class=\"elementor-spacer-inner\"><\/div>\n\t\t<\/div>\n\t\t\t\t\t\t<\/div>\n\t\t\t\t<\/div>\n\t\t\t\t<div class=\"elementor-element elementor-element-e4ec6cf elementor-widget elementor-widget-spacer\" data-id=\"e4ec6cf\" data-element_type=\"widget\" data-widget_type=\"spacer.default\">\n\t\t\t\t<div class=\"elementor-widget-container\">\n\t\t\t\t\t\t\t<div class=\"elementor-spacer\">\n\t\t\t<div class=\"elementor-spacer-inner\"><\/div>\n\t\t<\/div>\n\t\t\t\t\t\t<\/div>\n\t\t\t\t<\/div>\n\t\t\t\t\t<\/div>\n\t\t<\/div>\n\t\t\t\t\t<\/div>\n\t\t<\/section>\n\t\t\t\t<div class=\"elementor-element elementor-element-4c4bf2c elementor-widget elementor-widget-spacer\" data-id=\"4c4bf2c\" data-element_type=\"widget\" data-widget_type=\"spacer.default\">\n\t\t\t\t<div class=\"elementor-widget-container\">\n\t\t\t\t\t\t\t<div class=\"elementor-spacer\">\n\t\t\t<div class=\"elementor-spacer-inner\"><\/div>\n\t\t<\/div>\n\t\t\t\t\t\t<\/div>\n\t\t\t\t<\/div>\n\t\t\t\t<div class=\"elementor-element elementor-element-322f0a8 elementor-invisible elementor-widget elementor-widget-heading\" data-id=\"322f0a8\" data-element_type=\"widget\" data-settings=\"{&quot;_animation&quot;:&quot;fadeIn&quot;,&quot;_animation_delay&quot;:600}\" data-widget_type=\"heading.default\">\n\t\t\t\t<div class=\"elementor-widget-container\">\n\t\t\t\t\t<h3 class=\"elementor-heading-title elementor-size-default\">Ouvert du lundi au vendredi de 09h00 \u00e0 12h30 et de 14h00 \u00e0 18H00<\/h3>\t\t\t\t<\/div>\n\t\t\t\t<\/div>\n\t\t\t\t<div class=\"elementor-element elementor-element-1324e3cd elementor-invisible elementor-widget elementor-widget-google_maps\" data-id=\"1324e3cd\" data-element_type=\"widget\" data-settings=\"{&quot;_animation&quot;:&quot;fadeIn&quot;,&quot;_animation_delay&quot;:600}\" data-widget_type=\"google_maps.default\">\n\t\t\t\t<div class=\"elementor-widget-container\">\n\t\t\t\t\t\t\t<div class=\"elementor-custom-embed\">\n\t\t\t<iframe loading=\"lazy\"\n\t\t\t\t\tsrc=\"https:\/\/maps.google.com\/maps?q=clermont-ferrand%20171%20bd%20lafayette&#038;t=m&#038;z=15&#038;output=embed&#038;iwloc=near\"\n\t\t\t\t\ttitle=\"clermont-ferrand 171 bd lafayette\"\n\t\t\t\t\taria-label=\"clermont-ferrand 171 bd lafayette\"\n\t\t\t><\/iframe>\n\t\t<\/div>\n\t\t\t\t\t\t<\/div>\n\t\t\t\t<\/div>\n\t\t\t\t\t<\/div>\n\t\t<\/div>\n\t\t\t\t\t<\/div>\n\t\t<\/section>\n\t\t\t\t<\/div>\n\t\t","protected":false},"excerpt":{"rendered":"<p>63000 Clermont-ferrand R\u00e9sidence Chavaniac \u2013 171 bd Lafayette C\u00f4t\u00e9 C\u00e9zeaux \u2013 Face au Crousti Pain Acc\u00e8s Bus : Ligne 13 \u2013 Arr\u00eat Rochefeuille Acc\u00e8s Tram : Margeride \u2013 Campus Ouvert du lundi au vendredi de 09h00 \u00e0 12h30 et de 14h00 \u00e0 18H00<\/p>\n","protected":false},"author":1,"featured_media":0,"parent":0,"menu_order":0,"comment_status":"closed","ping_status":"closed","template":"","meta":{"footnotes":""},"class_list":["post-18305","page","type-page","status-publish","hentry"],"yoast_head":"<!-- This site is optimized with the Yoast SEO plugin v26.8 - https:\/\/yoast.com\/product\/yoast-seo-wordpress\/ -->\n<title>O\u00f9 sommes-nous ? Notre localisation - Itineris Building<\/title>\n<meta name=\"description\" content=\"O\u00f9 sommes-nous? Notre localisation: 63000 Clermont-Ferrand R\u00e9sidence Chavaniac \u2013 171 BD Lafayette.\" \/>\n<meta name=\"robots\" content=\"index, follow, max-snippet:-1, max-image-preview:large, max-video-preview:-1\" \/>\n<link rel=\"canonical\" href=\"https:\/\/www.itineris-building.fr\/accueil\/ou-sommes-nous\/\" \/>\n<meta property=\"og:locale\" content=\"fr_FR\" \/>\n<meta property=\"og:type\" content=\"article\" \/>\n<meta property=\"og:title\" content=\"O\u00f9 sommes-nous ? Notre localisation - Itineris Building\" \/>\n<meta property=\"og:description\" content=\"O\u00f9 sommes-nous? Notre localisation: 63000 Clermont-Ferrand R\u00e9sidence Chavaniac \u2013 171 BD Lafayette.\" \/>\n<meta property=\"og:url\" content=\"https:\/\/www.itineris-building.fr\/accueil\/ou-sommes-nous\/\" \/>\n<meta property=\"og:site_name\" content=\"Itineris Building\" \/>\n<meta property=\"article:modified_time\" content=\"2023-04-11T15:49:34+00:00\" \/>\n<meta property=\"og:image\" content=\"https:\/\/www.itineris-building.fr\/accueil\/wp-content\/uploads\/2019\/10\/locaux.png\" \/>\n<meta name=\"twitter:card\" content=\"summary_large_image\" \/>\n<meta name=\"twitter:label1\" content=\"Dur\u00e9e de lecture estim\u00e9e\" \/>\n\t<meta name=\"twitter:data1\" content=\"1 minute\" \/>\n<script type=\"application\/ld+json\" class=\"yoast-schema-graph\">{\"@context\":\"https:\/\/schema.org\",\"@graph\":[{\"@type\":\"WebPage\",\"@id\":\"https:\/\/www.itineris-building.fr\/accueil\/ou-sommes-nous\/\",\"url\":\"https:\/\/www.itineris-building.fr\/accueil\/ou-sommes-nous\/\",\"name\":\"O\u00f9 sommes-nous ? Notre localisation - Itineris Building\",\"isPartOf\":{\"@id\":\"https:\/\/www.itineris-building.fr\/accueil\/#website\"},\"primaryImageOfPage\":{\"@id\":\"https:\/\/www.itineris-building.fr\/accueil\/ou-sommes-nous\/#primaryimage\"},\"image\":{\"@id\":\"https:\/\/www.itineris-building.fr\/accueil\/ou-sommes-nous\/#primaryimage\"},\"thumbnailUrl\":\"https:\/\/www.itineris-building.fr\/accueil\/wp-content\/uploads\/2019\/10\/locaux.png\",\"datePublished\":\"2019-10-18T08:00:46+00:00\",\"dateModified\":\"2023-04-11T15:49:34+00:00\",\"description\":\"O\u00f9 sommes-nous? Notre localisation: 63000 Clermont-Ferrand R\u00e9sidence Chavaniac \u2013 171 BD Lafayette.\",\"breadcrumb\":{\"@id\":\"https:\/\/www.itineris-building.fr\/accueil\/ou-sommes-nous\/#breadcrumb\"},\"inLanguage\":\"fr-FR\",\"potentialAction\":[{\"@type\":\"ReadAction\",\"target\":[\"https:\/\/www.itineris-building.fr\/accueil\/ou-sommes-nous\/\"]}]},{\"@type\":\"ImageObject\",\"inLanguage\":\"fr-FR\",\"@id\":\"https:\/\/www.itineris-building.fr\/accueil\/ou-sommes-nous\/#primaryimage\",\"url\":\"https:\/\/www.itineris-building.fr\/accueil\/wp-content\/uploads\/2019\/10\/locaux.png\",\"contentUrl\":\"https:\/\/www.itineris-building.fr\/accueil\/wp-content\/uploads\/2019\/10\/locaux.png\",\"width\":320,\"height\":290},{\"@type\":\"BreadcrumbList\",\"@id\":\"https:\/\/www.itineris-building.fr\/accueil\/ou-sommes-nous\/#breadcrumb\",\"itemListElement\":[{\"@type\":\"ListItem\",\"position\":1,\"name\":\"Accueil\",\"item\":\"https:\/\/www.itineris-building.fr\/accueil\/\"},{\"@type\":\"ListItem\",\"position\":2,\"name\":\"O\u00f9 sommes-nous ?\"}]},{\"@type\":\"WebSite\",\"@id\":\"https:\/\/www.itineris-building.fr\/accueil\/#website\",\"url\":\"https:\/\/www.itineris-building.fr\/accueil\/\",\"name\":\"Itineris Building\",\"description\":\"La marque de qualit\u00e9, pas de la quantit\u00e9\",\"potentialAction\":[{\"@type\":\"SearchAction\",\"target\":{\"@type\":\"EntryPoint\",\"urlTemplate\":\"https:\/\/www.itineris-building.fr\/accueil\/?s={search_term_string}\"},\"query-input\":{\"@type\":\"PropertyValueSpecification\",\"valueRequired\":true,\"valueName\":\"search_term_string\"}}],\"inLanguage\":\"fr-FR\"}]}<\/script>\n<!-- \/ Yoast SEO plugin. -->","yoast_head_json":{"title":"O\u00f9 sommes-nous ? Notre localisation - Itineris Building","description":"O\u00f9 sommes-nous? Notre localisation: 63000 Clermont-Ferrand R\u00e9sidence Chavaniac \u2013 171 BD Lafayette.","robots":{"index":"index","follow":"follow","max-snippet":"max-snippet:-1","max-image-preview":"max-image-preview:large","max-video-preview":"max-video-preview:-1"},"canonical":"https:\/\/www.itineris-building.fr\/accueil\/ou-sommes-nous\/","og_locale":"fr_FR","og_type":"article","og_title":"O\u00f9 sommes-nous ? Notre localisation - Itineris Building","og_description":"O\u00f9 sommes-nous? Notre localisation: 63000 Clermont-Ferrand R\u00e9sidence Chavaniac \u2013 171 BD Lafayette.","og_url":"https:\/\/www.itineris-building.fr\/accueil\/ou-sommes-nous\/","og_site_name":"Itineris Building","article_modified_time":"2023-04-11T15:49:34+00:00","og_image":[{"url":"https:\/\/www.itineris-building.fr\/accueil\/wp-content\/uploads\/2019\/10\/locaux.png","type":"","width":"","height":""}],"twitter_card":"summary_large_image","twitter_misc":{"Dur\u00e9e de lecture estim\u00e9e":"1 minute"},"schema":{"@context":"https:\/\/schema.org","@graph":[{"@type":"WebPage","@id":"https:\/\/www.itineris-building.fr\/accueil\/ou-sommes-nous\/","url":"https:\/\/www.itineris-building.fr\/accueil\/ou-sommes-nous\/","name":"O\u00f9 sommes-nous ? Notre localisation - Itineris Building","isPartOf":{"@id":"https:\/\/www.itineris-building.fr\/accueil\/#website"},"primaryImageOfPage":{"@id":"https:\/\/www.itineris-building.fr\/accueil\/ou-sommes-nous\/#primaryimage"},"image":{"@id":"https:\/\/www.itineris-building.fr\/accueil\/ou-sommes-nous\/#primaryimage"},"thumbnailUrl":"https:\/\/www.itineris-building.fr\/accueil\/wp-content\/uploads\/2019\/10\/locaux.png","datePublished":"2019-10-18T08:00:46+00:00","dateModified":"2023-04-11T15:49:34+00:00","description":"O\u00f9 sommes-nous? Notre localisation: 63000 Clermont-Ferrand R\u00e9sidence Chavaniac \u2013 171 BD Lafayette.","breadcrumb":{"@id":"https:\/\/www.itineris-building.fr\/accueil\/ou-sommes-nous\/#breadcrumb"},"inLanguage":"fr-FR","potentialAction":[{"@type":"ReadAction","target":["https:\/\/www.itineris-building.fr\/accueil\/ou-sommes-nous\/"]}]},{"@type":"ImageObject","inLanguage":"fr-FR","@id":"https:\/\/www.itineris-building.fr\/accueil\/ou-sommes-nous\/#primaryimage","url":"https:\/\/www.itineris-building.fr\/accueil\/wp-content\/uploads\/2019\/10\/locaux.png","contentUrl":"https:\/\/www.itineris-building.fr\/accueil\/wp-content\/uploads\/2019\/10\/locaux.png","width":320,"height":290},{"@type":"BreadcrumbList","@id":"https:\/\/www.itineris-building.fr\/accueil\/ou-sommes-nous\/#breadcrumb","itemListElement":[{"@type":"ListItem","position":1,"name":"Accueil","item":"https:\/\/www.itineris-building.fr\/accueil\/"},{"@type":"ListItem","position":2,"name":"O\u00f9 sommes-nous ?"}]},{"@type":"WebSite","@id":"https:\/\/www.itineris-building.fr\/accueil\/#website","url":"https:\/\/www.itineris-building.fr\/accueil\/","name":"Itineris Building","description":"La marque de qualit\u00e9, pas de la quantit\u00e9","potentialAction":[{"@type":"SearchAction","target":{"@type":"EntryPoint","urlTemplate":"https:\/\/www.itineris-building.fr\/accueil\/?s={search_term_string}"},"query-input":{"@type":"PropertyValueSpecification","valueRequired":true,"valueName":"search_term_string"}}],"inLanguage":"fr-FR"}]}},"_links":{"self":[{"href":"https:\/\/www.itineris-building.fr\/accueil\/wp-json\/wp\/v2\/pages\/18305","targetHints":{"allow":["GET"]}}],"collection":[{"href":"https:\/\/www.itineris-building.fr\/accueil\/wp-json\/wp\/v2\/pages"}],"about":[{"href":"https:\/\/www.itineris-building.fr\/accueil\/wp-json\/wp\/v2\/types\/page"}],"author":[{"embeddable":true,"href":"https:\/\/www.itineris-building.fr\/accueil\/wp-json\/wp\/v2\/users\/1"}],"replies":[{"embeddable":true,"href":"https:\/\/www.itineris-building.fr\/accueil\/wp-json\/wp\/v2\/comments?post=18305"}],"version-history":[{"count":45,"href":"https:\/\/www.itineris-building.fr\/accueil\/wp-json\/wp\/v2\/pages\/18305\/revisions"}],"predecessor-version":[{"id":19925,"href":"https:\/\/www.itineris-building.fr\/accueil\/wp-json\/wp\/v2\/pages\/18305\/revisions\/19925"}],"wp:attachment":[{"href":"https:\/\/www.itineris-building.fr\/accueil\/wp-json\/wp\/v2\/media?parent=18305"}],"curies":[{"name":"wp","href":"https:\/\/api.w.org\/{rel}","templated":true}]}}