{"id":5707,"date":"2015-02-19T09:48:19","date_gmt":"2015-02-19T08:48:19","guid":{"rendered":"https:\/\/demo2.wpresidence.net\/?page_id=5707"},"modified":"2021-03-16T12:52:10","modified_gmt":"2021-03-16T11:52:10","slug":"contactez-nous","status":"publish","type":"page","link":"https:\/\/www.itineris-building.fr\/accueil\/contactez-nous\/","title":{"rendered":"Contactez-nous"},"content":{"rendered":"\t\t<div data-elementor-type=\"wp-page\" data-elementor-id=\"5707\" class=\"elementor elementor-5707\">\n\t\t\t\t\t\t<section class=\"elementor-section elementor-top-section elementor-element elementor-element-eccd5dd elementor-section-stretched elementor-section-boxed elementor-section-height-default elementor-section-height-default\" data-id=\"eccd5dd\" data-element_type=\"section\" data-settings=\"{&quot;stretch_section&quot;:&quot;section-stretched&quot;}\">\n\t\t\t\t\t\t<div class=\"elementor-container elementor-column-gap-default\">\n\t\t\t\t\t<div class=\"elementor-column elementor-col-100 elementor-top-column elementor-element elementor-element-4cc5454\" data-id=\"4cc5454\" data-element_type=\"column\">\n\t\t\t<div class=\"elementor-widget-wrap elementor-element-populated\">\n\t\t\t\t\t\t<div class=\"elementor-element elementor-element-3925dd6 elementor-widget elementor-widget-spacer\" data-id=\"3925dd6\" data-element_type=\"widget\" data-widget_type=\"spacer.default\">\n\t\t\t\t<div class=\"elementor-widget-container\">\n\t\t\t\t\t\t\t<div class=\"elementor-spacer\">\n\t\t\t<div class=\"elementor-spacer-inner\"><\/div>\n\t\t<\/div>\n\t\t\t\t\t\t<\/div>\n\t\t\t\t<\/div>\n\t\t\t\t\t<\/div>\n\t\t<\/div>\n\t\t\t\t\t<\/div>\n\t\t<\/section>\n\t\t\t\t<section class=\"elementor-section elementor-top-section elementor-element elementor-element-af8472c elementor-section-stretched elementor-section-boxed elementor-section-height-default elementor-section-height-default\" data-id=\"af8472c\" data-element_type=\"section\" data-settings=\"{&quot;stretch_section&quot;:&quot;section-stretched&quot;}\">\n\t\t\t\t\t\t<div class=\"elementor-container elementor-column-gap-default\">\n\t\t\t\t\t<div class=\"elementor-column elementor-col-100 elementor-top-column elementor-element elementor-element-b4e7bbd\" data-id=\"b4e7bbd\" data-element_type=\"column\">\n\t\t\t<div class=\"elementor-widget-wrap elementor-element-populated\">\n\t\t\t\t\t\t<div class=\"elementor-element elementor-element-1b3b320 elementor-hidden-tablet elementor-hidden-phone elementor-widget elementor-widget-text-editor\" data-id=\"1b3b320\" data-element_type=\"widget\" data-widget_type=\"text-editor.default\">\n\t\t\t\t<div class=\"elementor-widget-container\">\n\t\t\t\t\t\t\t\t\t<p><strong>ITINERIS BUILDING, un promoteur immobilier r\u00e9gional install\u00e9 \u00e0 Clermont-Ferrand dans le Puy de D\u00f4me (63)<\/strong><br \/><em><strong id=\"age\">{anniversary} ans de cr\u00e9ativit\u00e9 immobili\u00e8re<\/strong><\/em><\/p>\t\t\t\t\t\t\t\t<\/div>\n\t\t\t\t<\/div>\n\t\t\t\t<div class=\"elementor-element elementor-element-c1c81ed elementor-widget-divider--view-line elementor-widget elementor-widget-divider\" data-id=\"c1c81ed\" data-element_type=\"widget\" data-widget_type=\"divider.default\">\n\t\t\t\t<div class=\"elementor-widget-container\">\n\t\t\t\t\t\t\t<div class=\"elementor-divider\">\n\t\t\t<span class=\"elementor-divider-separator\">\n\t\t\t\t\t\t<\/span>\n\t\t<\/div>\n\t\t\t\t\t\t<\/div>\n\t\t\t\t<\/div>\n\t\t\t\t\t<\/div>\n\t\t<\/div>\n\t\t\t\t\t<\/div>\n\t\t<\/section>\n\t\t\t\t<section class=\"elementor-section elementor-top-section elementor-element elementor-element-14e5cbd elementor-section-boxed elementor-section-height-default elementor-section-height-default\" data-id=\"14e5cbd\" data-element_type=\"section\">\n\t\t\t\t\t\t<div class=\"elementor-container elementor-column-gap-default\">\n\t\t\t\t\t<div class=\"elementor-column elementor-col-50 elementor-top-column elementor-element elementor-element-4a20c0f\" data-id=\"4a20c0f\" data-element_type=\"column\">\n\t\t\t<div class=\"elementor-widget-wrap elementor-element-populated\">\n\t\t\t\t\t\t<div class=\"elementor-element elementor-element-5db4656 elementor-absolute elementor-widget elementor-widget-image\" data-id=\"5db4656\" data-element_type=\"widget\" data-settings=\"{&quot;_position&quot;:&quot;absolute&quot;}\" data-widget_type=\"image.default\">\n\t\t\t\t<div class=\"elementor-widget-container\">\n\t\t\t\t\t\t\t\t\t\t\t\t\t\t\t<img decoding=\"async\" width=\"300\" height=\"146\" src=\"https:\/\/www.itineris-building.fr\/accueil\/wp-content\/uploads\/2019\/11\/itineris-building-300x146.png\" class=\"attachment-medium size-medium wp-image-18613\" alt=\"itineris-building\" srcset=\"https:\/\/www.itineris-building.fr\/accueil\/wp-content\/uploads\/2019\/11\/itineris-building-300x146.png 300w, https:\/\/www.itineris-building.fr\/accueil\/wp-content\/uploads\/2019\/11\/itineris-building.png 628w\" sizes=\"(max-width: 300px) 100vw, 300px\" \/>\t\t\t\t\t\t\t\t\t\t\t\t\t\t\t<\/div>\n\t\t\t\t<\/div>\n\t\t\t\t<div class=\"elementor-element elementor-element-93849d2 elementor-widget elementor-widget-spacer\" data-id=\"93849d2\" data-element_type=\"widget\" data-widget_type=\"spacer.default\">\n\t\t\t\t<div class=\"elementor-widget-container\">\n\t\t\t\t\t\t\t<div class=\"elementor-spacer\">\n\t\t\t<div class=\"elementor-spacer-inner\"><\/div>\n\t\t<\/div>\n\t\t\t\t\t\t<\/div>\n\t\t\t\t<\/div>\n\t\t\t\t<div class=\"elementor-element elementor-element-a3e78c1 elementor-widget elementor-widget-spacer\" data-id=\"a3e78c1\" data-element_type=\"widget\" data-widget_type=\"spacer.default\">\n\t\t\t\t<div class=\"elementor-widget-container\">\n\t\t\t\t\t\t\t<div class=\"elementor-spacer\">\n\t\t\t<div class=\"elementor-spacer-inner\"><\/div>\n\t\t<\/div>\n\t\t\t\t\t\t<\/div>\n\t\t\t\t<\/div>\n\t\t\t\t\t<\/div>\n\t\t<\/div>\n\t\t\t\t<div class=\"elementor-column elementor-col-50 elementor-top-column elementor-element elementor-element-b5602fd\" data-id=\"b5602fd\" data-element_type=\"column\">\n\t\t\t<div class=\"elementor-widget-wrap elementor-element-populated\">\n\t\t\t\t\t\t<div class=\"elementor-element elementor-element-2d42b52 elementor-widget elementor-widget-heading\" data-id=\"2d42b52\" data-element_type=\"widget\" data-widget_type=\"heading.default\">\n\t\t\t\t<div class=\"elementor-widget-container\">\n\t\t\t\t\t<h2 class=\"elementor-heading-title elementor-size-default\">Itineris Transaction Building<\/h2>\t\t\t\t<\/div>\n\t\t\t\t<\/div>\n\t\t\t\t<div class=\"elementor-element elementor-element-362283d elementor-icon-list--layout-traditional elementor-list-item-link-full_width elementor-widget elementor-widget-icon-list\" data-id=\"362283d\" data-element_type=\"widget\" data-widget_type=\"icon-list.default\">\n\t\t\t\t<div class=\"elementor-widget-container\">\n\t\t\t\t\t\t\t<ul class=\"elementor-icon-list-items\">\n\t\t\t\t\t\t\t<li class=\"elementor-icon-list-item\">\n\t\t\t\t\t\t\t\t\t\t\t<span class=\"elementor-icon-list-icon\">\n\t\t\t\t\t\t\t<i aria-hidden=\"true\" class=\"fas fa-phone-alt\"><\/i>\t\t\t\t\t\t<\/span>\n\t\t\t\t\t\t\t\t\t\t<span class=\"elementor-icon-list-text\">04 73 28 86 37 - AGENCE IMMOBILI\u00c8RE<\/span>\n\t\t\t\t\t\t\t\t\t<\/li>\n\t\t\t\t\t\t\t\t<li class=\"elementor-icon-list-item\">\n\t\t\t\t\t\t\t\t\t\t\t<span class=\"elementor-icon-list-icon\">\n\t\t\t\t\t\t\t<i aria-hidden=\"true\" class=\"fas fa-home\"><\/i>\t\t\t\t\t\t<\/span>\n\t\t\t\t\t\t\t\t\t\t<span class=\"elementor-icon-list-text\">R\u00e9sidence Chavaniac 171 Boulevard LAFAYETTE 63000 Clermont-Ferrand<\/span>\n\t\t\t\t\t\t\t\t\t<\/li>\n\t\t\t\t\t\t<\/ul>\n\t\t\t\t\t\t<\/div>\n\t\t\t\t<\/div>\n\t\t\t\t\t<\/div>\n\t\t<\/div>\n\t\t\t\t\t<\/div>\n\t\t<\/section>\n\t\t\t\t<section class=\"elementor-section elementor-top-section elementor-element elementor-element-c5e7bd5 elementor-section-boxed elementor-section-height-default elementor-section-height-default\" data-id=\"c5e7bd5\" data-element_type=\"section\">\n\t\t\t\t\t\t<div class=\"elementor-container elementor-column-gap-default\">\n\t\t\t\t\t<div class=\"elementor-column elementor-col-100 elementor-top-column elementor-element elementor-element-dbe8504\" data-id=\"dbe8504\" data-element_type=\"column\">\n\t\t\t<div class=\"elementor-widget-wrap elementor-element-populated\">\n\t\t\t\t\t\t<div class=\"elementor-element elementor-element-234e4f5 elementor-widget elementor-widget-text-editor\" data-id=\"234e4f5\" data-element_type=\"widget\" data-widget_type=\"text-editor.default\">\n\t\t\t\t<div class=\"elementor-widget-container\">\n\t\t\t\t\t\t\t\t\t<p><strong>ITINERIS BUILDING, un promoteur immobilier r\u00e9gional install\u00e9 \u00e0 Clermont-Ferrand dans le Puy de D\u00f4me (63)<\/strong><br \/><em><strong id=\"age\">26 ans de cr\u00e9ativit\u00e9 immobili\u00e8re<\/strong><\/em><\/p>\t\t\t\t\t\t\t\t<\/div>\n\t\t\t\t<\/div>\n\t\t\t\t\t<\/div>\n\t\t<\/div>\n\t\t\t\t\t<\/div>\n\t\t<\/section>\n\t\t\t\t<\/div>\n\t\t","protected":false},"excerpt":{"rendered":"<p>ITINERIS BUILDING, un promoteur immobilier r\u00e9gional install\u00e9 \u00e0 Clermont-Ferrand dans le Puy de D\u00f4me (63) {anniversary} ans de cr\u00e9ativit\u00e9 immobili\u00e8re Itineris Transaction Building 04 73 28 86 37 &#8211; AGENCE IMMOBILI\u00c8RE R\u00e9sidence Chavaniac 171 Boulevard LAFAYETTE 63000 Clermont-Ferrand ITINERIS BUILDING, un promoteur immobilier r\u00e9gional install\u00e9 \u00e0 Clermont-Ferrand dans le Puy de D\u00f4me (63) 26 ans de cr\u00e9ativit\u00e9 immobili\u00e8re<\/p>\n","protected":false},"author":1,"featured_media":0,"parent":0,"menu_order":0,"comment_status":"open","ping_status":"closed","template":"contact_page.php","meta":{"footnotes":""},"class_list":["post-5707","page","type-page","status-publish","hentry"],"yoast_head":"<!-- This site is optimized with the Yoast SEO plugin v26.8 - https:\/\/yoast.com\/product\/yoast-seo-wordpress\/ -->\n<title>Contactez-nous - Itineris Building - Formulaire pour nous contacter<\/title>\n<meta name=\"description\" content=\"Contactez-nous. Merci de compl\u00e9ter le formulaire ci-apr\u00e8s, nous traiterons votre demande et nous vous recontacterons dans les plus brefs d\u00e9lais.\" \/>\n<meta name=\"robots\" content=\"index, follow, max-snippet:-1, max-image-preview:large, max-video-preview:-1\" \/>\n<link rel=\"canonical\" href=\"https:\/\/www.itineris-building.fr\/accueil\/contactez-nous\/\" \/>\n<meta property=\"og:locale\" content=\"fr_FR\" \/>\n<meta property=\"og:type\" content=\"article\" \/>\n<meta property=\"og:title\" content=\"Contactez-nous - Itineris Building - Formulaire pour nous contacter\" \/>\n<meta property=\"og:description\" content=\"Contactez-nous. Merci de compl\u00e9ter le formulaire ci-apr\u00e8s, nous traiterons votre demande et nous vous recontacterons dans les plus brefs d\u00e9lais.\" \/>\n<meta property=\"og:url\" content=\"https:\/\/www.itineris-building.fr\/accueil\/contactez-nous\/\" \/>\n<meta property=\"og:site_name\" content=\"Itineris Building\" \/>\n<meta property=\"article:modified_time\" content=\"2021-03-16T11:52:10+00:00\" \/>\n<meta property=\"og:image\" content=\"https:\/\/www.itineris-building.fr\/accueil\/wp-content\/uploads\/2019\/11\/itineris-building-300x146.png\" \/>\n<meta name=\"twitter:card\" content=\"summary_large_image\" \/>\n<script type=\"application\/ld+json\" class=\"yoast-schema-graph\">{\"@context\":\"https:\/\/schema.org\",\"@graph\":[{\"@type\":\"WebPage\",\"@id\":\"https:\/\/www.itineris-building.fr\/accueil\/contactez-nous\/\",\"url\":\"https:\/\/www.itineris-building.fr\/accueil\/contactez-nous\/\",\"name\":\"Contactez-nous - Itineris Building - Formulaire pour nous contacter\",\"isPartOf\":{\"@id\":\"https:\/\/www.itineris-building.fr\/accueil\/#website\"},\"primaryImageOfPage\":{\"@id\":\"https:\/\/www.itineris-building.fr\/accueil\/contactez-nous\/#primaryimage\"},\"image\":{\"@id\":\"https:\/\/www.itineris-building.fr\/accueil\/contactez-nous\/#primaryimage\"},\"thumbnailUrl\":\"https:\/\/www.itineris-building.fr\/accueil\/wp-content\/uploads\/2019\/11\/itineris-building-300x146.png\",\"datePublished\":\"2015-02-19T08:48:19+00:00\",\"dateModified\":\"2021-03-16T11:52:10+00:00\",\"description\":\"Contactez-nous. Merci de compl\u00e9ter le formulaire ci-apr\u00e8s, nous traiterons votre demande et nous vous recontacterons dans les plus brefs d\u00e9lais.\",\"breadcrumb\":{\"@id\":\"https:\/\/www.itineris-building.fr\/accueil\/contactez-nous\/#breadcrumb\"},\"inLanguage\":\"fr-FR\",\"potentialAction\":[{\"@type\":\"ReadAction\",\"target\":[\"https:\/\/www.itineris-building.fr\/accueil\/contactez-nous\/\"]}]},{\"@type\":\"ImageObject\",\"inLanguage\":\"fr-FR\",\"@id\":\"https:\/\/www.itineris-building.fr\/accueil\/contactez-nous\/#primaryimage\",\"url\":\"https:\/\/www.itineris-building.fr\/accueil\/wp-content\/uploads\/2019\/11\/itineris-building.png\",\"contentUrl\":\"https:\/\/www.itineris-building.fr\/accueil\/wp-content\/uploads\/2019\/11\/itineris-building.png\",\"width\":628,\"height\":306,\"caption\":\"itineris-building\"},{\"@type\":\"BreadcrumbList\",\"@id\":\"https:\/\/www.itineris-building.fr\/accueil\/contactez-nous\/#breadcrumb\",\"itemListElement\":[{\"@type\":\"ListItem\",\"position\":1,\"name\":\"Accueil\",\"item\":\"https:\/\/www.itineris-building.fr\/accueil\/\"},{\"@type\":\"ListItem\",\"position\":2,\"name\":\"Contactez-nous\"}]},{\"@type\":\"WebSite\",\"@id\":\"https:\/\/www.itineris-building.fr\/accueil\/#website\",\"url\":\"https:\/\/www.itineris-building.fr\/accueil\/\",\"name\":\"Itineris Building\",\"description\":\"La marque de qualit\u00e9, pas de la quantit\u00e9\",\"potentialAction\":[{\"@type\":\"SearchAction\",\"target\":{\"@type\":\"EntryPoint\",\"urlTemplate\":\"https:\/\/www.itineris-building.fr\/accueil\/?s={search_term_string}\"},\"query-input\":{\"@type\":\"PropertyValueSpecification\",\"valueRequired\":true,\"valueName\":\"search_term_string\"}}],\"inLanguage\":\"fr-FR\"}]}<\/script>\n<!-- \/ Yoast SEO plugin. -->","yoast_head_json":{"title":"Contactez-nous - Itineris Building - Formulaire pour nous contacter","description":"Contactez-nous. Merci de compl\u00e9ter le formulaire ci-apr\u00e8s, nous traiterons votre demande et nous vous recontacterons dans les plus brefs d\u00e9lais.","robots":{"index":"index","follow":"follow","max-snippet":"max-snippet:-1","max-image-preview":"max-image-preview:large","max-video-preview":"max-video-preview:-1"},"canonical":"https:\/\/www.itineris-building.fr\/accueil\/contactez-nous\/","og_locale":"fr_FR","og_type":"article","og_title":"Contactez-nous - Itineris Building - Formulaire pour nous contacter","og_description":"Contactez-nous. Merci de compl\u00e9ter le formulaire ci-apr\u00e8s, nous traiterons votre demande et nous vous recontacterons dans les plus brefs d\u00e9lais.","og_url":"https:\/\/www.itineris-building.fr\/accueil\/contactez-nous\/","og_site_name":"Itineris Building","article_modified_time":"2021-03-16T11:52:10+00:00","og_image":[{"url":"https:\/\/www.itineris-building.fr\/accueil\/wp-content\/uploads\/2019\/11\/itineris-building-300x146.png","type":"","width":"","height":""}],"twitter_card":"summary_large_image","schema":{"@context":"https:\/\/schema.org","@graph":[{"@type":"WebPage","@id":"https:\/\/www.itineris-building.fr\/accueil\/contactez-nous\/","url":"https:\/\/www.itineris-building.fr\/accueil\/contactez-nous\/","name":"Contactez-nous - Itineris Building - Formulaire pour nous contacter","isPartOf":{"@id":"https:\/\/www.itineris-building.fr\/accueil\/#website"},"primaryImageOfPage":{"@id":"https:\/\/www.itineris-building.fr\/accueil\/contactez-nous\/#primaryimage"},"image":{"@id":"https:\/\/www.itineris-building.fr\/accueil\/contactez-nous\/#primaryimage"},"thumbnailUrl":"https:\/\/www.itineris-building.fr\/accueil\/wp-content\/uploads\/2019\/11\/itineris-building-300x146.png","datePublished":"2015-02-19T08:48:19+00:00","dateModified":"2021-03-16T11:52:10+00:00","description":"Contactez-nous. Merci de compl\u00e9ter le formulaire ci-apr\u00e8s, nous traiterons votre demande et nous vous recontacterons dans les plus brefs d\u00e9lais.","breadcrumb":{"@id":"https:\/\/www.itineris-building.fr\/accueil\/contactez-nous\/#breadcrumb"},"inLanguage":"fr-FR","potentialAction":[{"@type":"ReadAction","target":["https:\/\/www.itineris-building.fr\/accueil\/contactez-nous\/"]}]},{"@type":"ImageObject","inLanguage":"fr-FR","@id":"https:\/\/www.itineris-building.fr\/accueil\/contactez-nous\/#primaryimage","url":"https:\/\/www.itineris-building.fr\/accueil\/wp-content\/uploads\/2019\/11\/itineris-building.png","contentUrl":"https:\/\/www.itineris-building.fr\/accueil\/wp-content\/uploads\/2019\/11\/itineris-building.png","width":628,"height":306,"caption":"itineris-building"},{"@type":"BreadcrumbList","@id":"https:\/\/www.itineris-building.fr\/accueil\/contactez-nous\/#breadcrumb","itemListElement":[{"@type":"ListItem","position":1,"name":"Accueil","item":"https:\/\/www.itineris-building.fr\/accueil\/"},{"@type":"ListItem","position":2,"name":"Contactez-nous"}]},{"@type":"WebSite","@id":"https:\/\/www.itineris-building.fr\/accueil\/#website","url":"https:\/\/www.itineris-building.fr\/accueil\/","name":"Itineris Building","description":"La marque de qualit\u00e9, pas de la quantit\u00e9","potentialAction":[{"@type":"SearchAction","target":{"@type":"EntryPoint","urlTemplate":"https:\/\/www.itineris-building.fr\/accueil\/?s={search_term_string}"},"query-input":{"@type":"PropertyValueSpecification","valueRequired":true,"valueName":"search_term_string"}}],"inLanguage":"fr-FR"}]}},"_links":{"self":[{"href":"https:\/\/www.itineris-building.fr\/accueil\/wp-json\/wp\/v2\/pages\/5707","targetHints":{"allow":["GET"]}}],"collection":[{"href":"https:\/\/www.itineris-building.fr\/accueil\/wp-json\/wp\/v2\/pages"}],"about":[{"href":"https:\/\/www.itineris-building.fr\/accueil\/wp-json\/wp\/v2\/types\/page"}],"author":[{"embeddable":true,"href":"https:\/\/www.itineris-building.fr\/accueil\/wp-json\/wp\/v2\/users\/1"}],"replies":[{"embeddable":true,"href":"https:\/\/www.itineris-building.fr\/accueil\/wp-json\/wp\/v2\/comments?post=5707"}],"version-history":[{"count":27,"href":"https:\/\/www.itineris-building.fr\/accueil\/wp-json\/wp\/v2\/pages\/5707\/revisions"}],"predecessor-version":[{"id":19551,"href":"https:\/\/www.itineris-building.fr\/accueil\/wp-json\/wp\/v2\/pages\/5707\/revisions\/19551"}],"wp:attachment":[{"href":"https:\/\/www.itineris-building.fr\/accueil\/wp-json\/wp\/v2\/media?parent=5707"}],"curies":[{"name":"wp","href":"https:\/\/api.w.org\/{rel}","templated":true}]}}