{"id":28564,"date":"2020-01-17T09:59:44","date_gmt":"2020-01-17T08:59:44","guid":{"rendered":"https:\/\/www.itineris-building.fr\/agence\/?page_id=28564"},"modified":"2026-03-12T17:57:22","modified_gmt":"2026-03-12T16:57:22","slug":"dossier-locataire-telecharger","status":"publish","type":"page","link":"https:\/\/www.itineris-building.fr\/agence\/dossier-locataire-telecharger\/","title":{"rendered":"Dossier locataire \u00e0 t\u00e9l\u00e9charger"},"content":{"rendered":"\t\t<div data-elementor-type=\"wp-page\" data-elementor-id=\"28564\" class=\"elementor elementor-28564\">\n\t\t\t\t\t\t<section class=\"elementor-section elementor-top-section elementor-element elementor-element-2e81b005 elementor-section-boxed elementor-section-height-default elementor-section-height-default\" data-id=\"2e81b005\" data-element_type=\"section\">\n\t\t\t\t\t\t<div class=\"elementor-container elementor-column-gap-default\">\n\t\t\t\t\t<div class=\"elementor-column elementor-col-100 elementor-top-column elementor-element elementor-element-3a586098\" data-id=\"3a586098\" data-element_type=\"column\">\n\t\t\t<div class=\"elementor-widget-wrap elementor-element-populated\">\n\t\t\t\t\t\t<div class=\"elementor-element elementor-element-75b7397e elementor-widget elementor-widget-spacer\" data-id=\"75b7397e\" data-element_type=\"widget\" data-widget_type=\"spacer.default\">\n\t\t\t\t<div class=\"elementor-widget-container\">\n\t\t\t\t\t\t\t<div class=\"elementor-spacer\">\n\t\t\t<div class=\"elementor-spacer-inner\"><\/div>\n\t\t<\/div>\n\t\t\t\t\t\t<\/div>\n\t\t\t\t<\/div>\n\t\t\t\t<div class=\"elementor-element elementor-element-49071bfb elementor-invisible elementor-widget elementor-widget-heading\" data-id=\"49071bfb\" data-element_type=\"widget\" data-settings=\"{&quot;_animation&quot;:&quot;fadeInDown&quot;,&quot;_animation_delay&quot;:&quot;200&quot;}\" data-widget_type=\"heading.default\">\n\t\t\t\t<div class=\"elementor-widget-container\">\n\t\t\t\t\t<h2 class=\"elementor-heading-title elementor-size-default\">DOSSIER LOCATAIRE \u00e0 T\u00e9l\u00e9charger<\/h2>\t\t\t\t<\/div>\n\t\t\t\t<\/div>\n\t\t\t\t<div class=\"elementor-element elementor-element-4b397a54 elementor-widget-divider--view-line elementor-invisible elementor-widget elementor-widget-divider\" data-id=\"4b397a54\" data-element_type=\"widget\" data-settings=\"{&quot;_animation&quot;:&quot;fadeInUp&quot;}\" data-widget_type=\"divider.default\">\n\t\t\t\t<div class=\"elementor-widget-container\">\n\t\t\t\t\t\t\t<div class=\"elementor-divider\">\n\t\t\t<span class=\"elementor-divider-separator\">\n\t\t\t\t\t\t<\/span>\n\t\t<\/div>\n\t\t\t\t\t\t<\/div>\n\t\t\t\t<\/div>\n\t\t\t\t\t<\/div>\n\t\t<\/div>\n\t\t\t\t\t<\/div>\n\t\t<\/section>\n\t\t\t\t<section class=\"elementor-section elementor-top-section elementor-element elementor-element-40027fa3 elementor-section-stretched elementor-section-boxed elementor-section-height-default elementor-section-height-default\" data-id=\"40027fa3\" data-element_type=\"section\" data-settings=\"{&quot;background_background&quot;:&quot;classic&quot;,&quot;stretch_section&quot;:&quot;section-stretched&quot;}\">\n\t\t\t\t\t\t<div class=\"elementor-container elementor-column-gap-wide\">\n\t\t\t\t\t<div class=\"elementor-column elementor-col-100 elementor-top-column elementor-element elementor-element-6424757a\" data-id=\"6424757a\" data-element_type=\"column\">\n\t\t\t<div class=\"elementor-widget-wrap elementor-element-populated\">\n\t\t\t\t\t\t<div class=\"elementor-element elementor-element-12882c1f elementor-invisible elementor-widget elementor-widget-text-editor\" data-id=\"12882c1f\" data-element_type=\"widget\" data-settings=\"{&quot;_animation&quot;:&quot;fadeInUp&quot;}\" data-widget_type=\"text-editor.default\">\n\t\t\t\t<div class=\"elementor-widget-container\">\n\t\t\t\t\t\t\t\t\t<p>Consultez et t\u00e9l\u00e9chargez les diff\u00e9rents documents pour la constitution de votre dossier<\/p>\t\t\t\t\t\t\t\t<\/div>\n\t\t\t\t<\/div>\n\t\t\t\t<div class=\"elementor-element elementor-element-19881a5b elementor-hidden-tablet elementor-hidden-phone elementor-widget elementor-widget-spacer\" data-id=\"19881a5b\" data-element_type=\"widget\" data-widget_type=\"spacer.default\">\n\t\t\t\t<div class=\"elementor-widget-container\">\n\t\t\t\t\t\t\t<div class=\"elementor-spacer\">\n\t\t\t<div class=\"elementor-spacer-inner\"><\/div>\n\t\t<\/div>\n\t\t\t\t\t\t<\/div>\n\t\t\t\t<\/div>\n\t\t\t\t\t<\/div>\n\t\t<\/div>\n\t\t\t\t\t<\/div>\n\t\t<\/section>\n\t\t\t\t<section class=\"elementor-section elementor-top-section elementor-element elementor-element-5b83a5d2 elementor-section-stretched elementor-section-boxed elementor-section-height-default elementor-section-height-default\" data-id=\"5b83a5d2\" data-element_type=\"section\" data-settings=\"{&quot;background_background&quot;:&quot;classic&quot;,&quot;stretch_section&quot;:&quot;section-stretched&quot;}\">\n\t\t\t\t\t\t<div class=\"elementor-container elementor-column-gap-wide\">\n\t\t\t\t\t<div class=\"elementor-column elementor-col-100 elementor-top-column elementor-element elementor-element-17c9d9d5\" data-id=\"17c9d9d5\" data-element_type=\"column\">\n\t\t\t<div class=\"elementor-widget-wrap elementor-element-populated\">\n\t\t\t\t\t\t<section class=\"elementor-section elementor-inner-section elementor-element elementor-element-2a4576c elementor-section-full_width elementor-section-height-min-height elementor-section-height-default\" data-id=\"2a4576c\" data-element_type=\"section\">\n\t\t\t\t\t\t<div class=\"elementor-container elementor-column-gap-default\">\n\t\t\t\t\t<div class=\"elementor-column elementor-col-100 elementor-inner-column elementor-element elementor-element-ac97c39\" data-id=\"ac97c39\" data-element_type=\"column\" data-settings=\"{&quot;background_background&quot;:&quot;gradient&quot;}\">\n\t\t\t<div class=\"elementor-widget-wrap elementor-element-populated\">\n\t\t\t\t\t<div class=\"elementor-background-overlay\"><\/div>\n\t\t\t\t\t\t<div class=\"elementor-element elementor-element-00dfe70 elementor-widget elementor-widget-heading\" data-id=\"00dfe70\" data-element_type=\"widget\" data-widget_type=\"heading.default\">\n\t\t\t\t<div class=\"elementor-widget-container\">\n\t\t\t\t\t<h3 class=\"elementor-heading-title elementor-size-default\"><a href=\"https:\/\/www.itineris-building.fr\/agence\/wp-content\/uploads\/2026\/03\/FICHE-CANDIDAT-LOCATAIRE-GARANT-ET-PIECES-A-FOURNIR.pdf\">Fiche locataire-CAUTION et pi\u00e8ces \u00e0 fournir<br><\/a><\/h3>\t\t\t\t<\/div>\n\t\t\t\t<\/div>\n\t\t\t\t<div class=\"elementor-element elementor-element-1413bd7 elementor-align-center elementor-tablet-align-center elementor-widget elementor-widget-button\" data-id=\"1413bd7\" data-element_type=\"widget\" data-widget_type=\"button.default\">\n\t\t\t\t<div class=\"elementor-widget-container\">\n\t\t\t\t\t\t\t\t\t<div class=\"elementor-button-wrapper\">\n\t\t\t\t\t<a class=\"elementor-button elementor-button-link elementor-size-sm\" href=\"https:\/\/www.itineris-building.fr\/agence\/wp-content\/uploads\/2026\/03\/FICHE-CANDIDAT-LOCATAIRE-GARANT-ET-PIECES-A-FOURNIR.pdf\" target=\"_blank\">\n\t\t\t\t\t\t<span class=\"elementor-button-content-wrapper\">\n\t\t\t\t\t\t<span class=\"elementor-button-icon\">\n\t\t\t\t<i aria-hidden=\"true\" class=\"far fa-file-pdf\"><\/i>\t\t\t<\/span>\n\t\t\t\t\t\t\t\t\t<span class=\"elementor-button-text\">Cliquez ici pour consulter le document<\/span>\n\t\t\t\t\t<\/span>\n\t\t\t\t\t<\/a>\n\t\t\t\t<\/div>\n\t\t\t\t\t\t\t\t<\/div>\n\t\t\t\t<\/div>\n\t\t\t\t\t<\/div>\n\t\t<\/div>\n\t\t\t\t\t<\/div>\n\t\t<\/section>\n\t\t\t\t<div class=\"elementor-element elementor-element-a66ae08 elementor-hidden-tablet elementor-hidden-phone elementor-widget elementor-widget-spacer\" data-id=\"a66ae08\" data-element_type=\"widget\" data-widget_type=\"spacer.default\">\n\t\t\t\t<div class=\"elementor-widget-container\">\n\t\t\t\t\t\t\t<div class=\"elementor-spacer\">\n\t\t\t<div class=\"elementor-spacer-inner\"><\/div>\n\t\t<\/div>\n\t\t\t\t\t\t<\/div>\n\t\t\t\t<\/div>\n\t\t\t\t\t<\/div>\n\t\t<\/div>\n\t\t\t\t\t<\/div>\n\t\t<\/section>\n\t\t\t\t<section class=\"elementor-section elementor-top-section elementor-element elementor-element-5371ed0 elementor-section-stretched animated-slow elementor-section-boxed elementor-section-height-default elementor-section-height-default elementor-invisible\" data-id=\"5371ed0\" data-element_type=\"section\" data-settings=\"{&quot;stretch_section&quot;:&quot;section-stretched&quot;,&quot;background_background&quot;:&quot;classic&quot;,&quot;animation&quot;:&quot;fadeIn&quot;,&quot;animation_delay&quot;:200}\">\n\t\t\t\t\t\t<div class=\"elementor-container elementor-column-gap-default\">\n\t\t\t\t\t<div class=\"elementor-column elementor-col-100 elementor-top-column elementor-element elementor-element-6099cc1\" data-id=\"6099cc1\" data-element_type=\"column\">\n\t\t\t<div class=\"elementor-widget-wrap elementor-element-populated\">\n\t\t\t\t\t\t<section class=\"elementor-section elementor-inner-section elementor-element elementor-element-553b1be elementor-section-full_width elementor-section-height-min-height elementor-section-height-default\" data-id=\"553b1be\" data-element_type=\"section\">\n\t\t\t\t\t\t<div class=\"elementor-container elementor-column-gap-default\">\n\t\t\t\t\t<div class=\"elementor-column elementor-col-50 elementor-inner-column elementor-element elementor-element-62b51f2\" data-id=\"62b51f2\" data-element_type=\"column\" data-settings=\"{&quot;background_background&quot;:&quot;gradient&quot;}\">\n\t\t\t<div class=\"elementor-widget-wrap elementor-element-populated\">\n\t\t\t\t\t<div class=\"elementor-background-overlay\"><\/div>\n\t\t\t\t\t\t<div class=\"elementor-element elementor-element-474e33e elementor-widget elementor-widget-heading\" data-id=\"474e33e\" data-element_type=\"widget\" data-widget_type=\"heading.default\">\n\t\t\t\t<div class=\"elementor-widget-container\">\n\t\t\t\t\t<h3 class=\"elementor-heading-title elementor-size-default\">Attestation d'h\u00e9bergement<\/h3>\t\t\t\t<\/div>\n\t\t\t\t<\/div>\n\t\t\t\t<div class=\"elementor-element elementor-element-4a5c06d elementor-align-center elementor-tablet-align-center elementor-widget elementor-widget-button\" data-id=\"4a5c06d\" data-element_type=\"widget\" data-widget_type=\"button.default\">\n\t\t\t\t<div class=\"elementor-widget-container\">\n\t\t\t\t\t\t\t\t\t<div class=\"elementor-button-wrapper\">\n\t\t\t\t\t<a class=\"elementor-button elementor-button-link elementor-size-sm\" href=\"https:\/\/www.itineris-building.fr\/agence\/wp-content\/uploads\/2021\/04\/ATTESTATION-DHEBERGEMENT.pdf\" target=\"_blank\">\n\t\t\t\t\t\t<span class=\"elementor-button-content-wrapper\">\n\t\t\t\t\t\t<span class=\"elementor-button-icon\">\n\t\t\t\t<i aria-hidden=\"true\" class=\"far fa-file-pdf\"><\/i>\t\t\t<\/span>\n\t\t\t\t\t\t\t\t\t<span class=\"elementor-button-text\">Cliquez ici pour consulter le document<\/span>\n\t\t\t\t\t<\/span>\n\t\t\t\t\t<\/a>\n\t\t\t\t<\/div>\n\t\t\t\t\t\t\t\t<\/div>\n\t\t\t\t<\/div>\n\t\t\t\t\t<\/div>\n\t\t<\/div>\n\t\t\t\t<div class=\"elementor-column elementor-col-50 elementor-inner-column elementor-element elementor-element-5be2132\" data-id=\"5be2132\" data-element_type=\"column\" data-settings=\"{&quot;background_background&quot;:&quot;gradient&quot;}\">\n\t\t\t<div class=\"elementor-widget-wrap elementor-element-populated\">\n\t\t\t\t\t<div class=\"elementor-background-overlay\"><\/div>\n\t\t\t\t\t\t<div class=\"elementor-element elementor-element-d1b01ea elementor-widget elementor-widget-heading\" data-id=\"d1b01ea\" data-element_type=\"widget\" data-widget_type=\"heading.default\">\n\t\t\t\t<div class=\"elementor-widget-container\">\n\t\t\t\t\t<h3 class=\"elementor-heading-title elementor-size-default\">Attestation employeur<\/h3>\t\t\t\t<\/div>\n\t\t\t\t<\/div>\n\t\t\t\t<div class=\"elementor-element elementor-element-eeaf26c elementor-align-center elementor-tablet-align-center elementor-widget elementor-widget-button\" data-id=\"eeaf26c\" data-element_type=\"widget\" data-widget_type=\"button.default\">\n\t\t\t\t<div class=\"elementor-widget-container\">\n\t\t\t\t\t\t\t\t\t<div class=\"elementor-button-wrapper\">\n\t\t\t\t\t<a class=\"elementor-button elementor-button-link elementor-size-sm\" href=\"https:\/\/www.itineris-building.fr\/agence\/wp-content\/uploads\/2022\/07\/ATTESTATION-EMPLOYEUR.pdf\" target=\"_blank\">\n\t\t\t\t\t\t<span class=\"elementor-button-content-wrapper\">\n\t\t\t\t\t\t<span class=\"elementor-button-icon\">\n\t\t\t\t<i aria-hidden=\"true\" class=\"far fa-file-pdf\"><\/i>\t\t\t<\/span>\n\t\t\t\t\t\t\t\t\t<span class=\"elementor-button-text\">Cliquez ici pour consulter le document<\/span>\n\t\t\t\t\t<\/span>\n\t\t\t\t\t<\/a>\n\t\t\t\t<\/div>\n\t\t\t\t\t\t\t\t<\/div>\n\t\t\t\t<\/div>\n\t\t\t\t\t<\/div>\n\t\t<\/div>\n\t\t\t\t\t<\/div>\n\t\t<\/section>\n\t\t\t\t<section class=\"elementor-section elementor-inner-section elementor-element elementor-element-462700b elementor-section-full_width elementor-section-height-min-height elementor-section-height-default\" data-id=\"462700b\" data-element_type=\"section\">\n\t\t\t\t\t\t<div class=\"elementor-container elementor-column-gap-default\">\n\t\t\t\t\t<div class=\"elementor-column elementor-col-50 elementor-inner-column elementor-element elementor-element-8586076\" data-id=\"8586076\" data-element_type=\"column\" data-settings=\"{&quot;background_background&quot;:&quot;gradient&quot;}\">\n\t\t\t<div class=\"elementor-widget-wrap elementor-element-populated\">\n\t\t\t\t\t<div class=\"elementor-background-overlay\"><\/div>\n\t\t\t\t\t\t<div class=\"elementor-element elementor-element-35a1a3e elementor-widget elementor-widget-heading\" data-id=\"35a1a3e\" data-element_type=\"widget\" data-widget_type=\"heading.default\">\n\t\t\t\t<div class=\"elementor-widget-container\">\n\t\t\t\t\t<h3 class=\"elementor-heading-title elementor-size-default\">Attestation rattachement fiscal 2025<\/h3>\t\t\t\t<\/div>\n\t\t\t\t<\/div>\n\t\t\t\t<div class=\"elementor-element elementor-element-775f678 elementor-align-center elementor-tablet-align-center elementor-widget elementor-widget-button\" data-id=\"775f678\" data-element_type=\"widget\" data-widget_type=\"button.default\">\n\t\t\t\t<div class=\"elementor-widget-container\">\n\t\t\t\t\t\t\t\t\t<div class=\"elementor-button-wrapper\">\n\t\t\t\t\t<a class=\"elementor-button elementor-button-link elementor-size-sm\" href=\"https:\/\/www.itineris-building.fr\/agence\/wp-content\/uploads\/2025\/10\/RATTACHEMENT-2025-1.pdf\" target=\"_blank\">\n\t\t\t\t\t\t<span class=\"elementor-button-content-wrapper\">\n\t\t\t\t\t\t<span class=\"elementor-button-icon\">\n\t\t\t\t<i aria-hidden=\"true\" class=\"far fa-file-pdf\"><\/i>\t\t\t<\/span>\n\t\t\t\t\t\t\t\t\t<span class=\"elementor-button-text\">Cliquez ici pour consulter le document<\/span>\n\t\t\t\t\t<\/span>\n\t\t\t\t\t<\/a>\n\t\t\t\t<\/div>\n\t\t\t\t\t\t\t\t<\/div>\n\t\t\t\t<\/div>\n\t\t\t\t\t<\/div>\n\t\t<\/div>\n\t\t\t\t<div class=\"elementor-column elementor-col-50 elementor-inner-column elementor-element elementor-element-dbe8573\" data-id=\"dbe8573\" data-element_type=\"column\" data-settings=\"{&quot;background_background&quot;:&quot;gradient&quot;}\">\n\t\t\t<div class=\"elementor-widget-wrap elementor-element-populated\">\n\t\t\t\t\t<div class=\"elementor-background-overlay\"><\/div>\n\t\t\t\t\t\t<div class=\"elementor-element elementor-element-10d7b17 elementor-widget elementor-widget-heading\" data-id=\"10d7b17\" data-element_type=\"widget\" data-widget_type=\"heading.default\">\n\t\t\t\t<div class=\"elementor-widget-container\">\n\t\t\t\t\t<h3 class=\"elementor-heading-title elementor-size-default\">Attestation rattachement fiscal 2024<\/h3>\t\t\t\t<\/div>\n\t\t\t\t<\/div>\n\t\t\t\t<div class=\"elementor-element elementor-element-dab0242 elementor-align-center elementor-tablet-align-center elementor-widget elementor-widget-button\" data-id=\"dab0242\" data-element_type=\"widget\" data-widget_type=\"button.default\">\n\t\t\t\t<div class=\"elementor-widget-container\">\n\t\t\t\t\t\t\t\t\t<div class=\"elementor-button-wrapper\">\n\t\t\t\t\t<a class=\"elementor-button elementor-button-link elementor-size-sm\" href=\"https:\/\/www.itineris-building.fr\/agence\/wp-content\/uploads\/2024\/11\/ATTESTATION-RATTACHEMENT-FISCAL-2024.pdf\" target=\"_blank\">\n\t\t\t\t\t\t<span class=\"elementor-button-content-wrapper\">\n\t\t\t\t\t\t<span class=\"elementor-button-icon\">\n\t\t\t\t<i aria-hidden=\"true\" class=\"far fa-file-pdf\"><\/i>\t\t\t<\/span>\n\t\t\t\t\t\t\t\t\t<span class=\"elementor-button-text\">Cliquez ici pour consulter le document<\/span>\n\t\t\t\t\t<\/span>\n\t\t\t\t\t<\/a>\n\t\t\t\t<\/div>\n\t\t\t\t\t\t\t\t<\/div>\n\t\t\t\t<\/div>\n\t\t\t\t\t<\/div>\n\t\t<\/div>\n\t\t\t\t\t<\/div>\n\t\t<\/section>\n\t\t\t\t\t<\/div>\n\t\t<\/div>\n\t\t\t\t\t<\/div>\n\t\t<\/section>\n\t\t\t\t<\/div>\n\t\t","protected":false},"excerpt":{"rendered":"<p>DOSSIER LOCATAIRE \u00e0 T\u00e9l\u00e9charger Consultez et t\u00e9l\u00e9chargez les diff\u00e9rents documents pour la constitution de votre dossier Fiche locataire-CAUTION et pi\u00e8ces \u00e0 fournir Cliquez ici pour consulter le document Attestation d&rsquo;h\u00e9bergement Cliquez ici pour consulter le document Attestation employeur Cliquez ici pour consulter le document Attestation rattachement fiscal 2025 Cliquez ici pour consulter le document Attestation rattachement fiscal 2024 Cliquez ici pour consulter le document<\/p>\n","protected":false},"author":1,"featured_media":0,"parent":0,"menu_order":0,"comment_status":"closed","ping_status":"closed","template":"","meta":{"footnotes":""},"class_list":["post-28564","page","type-page","status-publish","hentry"],"yoast_head":"<!-- This site is optimized with the Yoast SEO plugin v26.8 - https:\/\/yoast.com\/product\/yoast-seo-wordpress\/ -->\n<title>Dossier locataire \u00e0 t\u00e9l\u00e9charger - Itineris Building Transaction- Agence Immobili\u00e8re<\/title>\n<meta name=\"description\" content=\"T\u00e9l\u00e9charger le dossier de candidature locataire: FICHE RENSEIGNEMENT LOCATAIRE-GARANT ET PI\u00c8CES \u00c0 FOURNIR . T\u00e9l\u00e9charger les attestations demand\u00e9es : ATTESTATION D\u2019HEBERGEMENT. ATTESTATION EMPLOYEUR. ATTESTATION RATTACHEMENT FISCAL 2019. ATTESTATION RATTACHEMENT FISCAL 2020 . T\u00e9l\u00e9charger le dossier cautionnement: CAUTIONNEMENT LOCATAIRE \u2026\" \/>\n<meta name=\"robots\" content=\"index, follow, max-snippet:-1, max-image-preview:large, max-video-preview:-1\" \/>\n<link rel=\"canonical\" href=\"https:\/\/www.itineris-building.fr\/agence\/dossier-locataire-telecharger\/\" \/>\n<meta property=\"og:locale\" content=\"fr_FR\" \/>\n<meta property=\"og:type\" content=\"article\" \/>\n<meta property=\"og:title\" content=\"Dossier locataire \u00e0 t\u00e9l\u00e9charger - Itineris Building Transaction- Agence Immobili\u00e8re\" \/>\n<meta property=\"og:description\" content=\"T\u00e9l\u00e9charger le dossier de candidature locataire: FICHE RENSEIGNEMENT LOCATAIRE-GARANT ET PI\u00c8CES \u00c0 FOURNIR . T\u00e9l\u00e9charger les attestations demand\u00e9es : ATTESTATION D\u2019HEBERGEMENT. ATTESTATION EMPLOYEUR. ATTESTATION RATTACHEMENT FISCAL 2019. ATTESTATION RATTACHEMENT FISCAL 2020 . T\u00e9l\u00e9charger le dossier cautionnement: CAUTIONNEMENT LOCATAIRE \u2026\" \/>\n<meta property=\"og:url\" content=\"https:\/\/www.itineris-building.fr\/agence\/dossier-locataire-telecharger\/\" \/>\n<meta property=\"og:site_name\" content=\"Itineris Building Transaction- Agence Immobili\u00e8re\" \/>\n<meta property=\"article:modified_time\" content=\"2026-03-12T16:57:22+00:00\" \/>\n<meta name=\"twitter:card\" content=\"summary_large_image\" \/>\n<meta name=\"twitter:label1\" content=\"Dur\u00e9e de lecture estim\u00e9e\" \/>\n\t<meta name=\"twitter:data1\" content=\"1 minute\" \/>\n<script type=\"application\/ld+json\" class=\"yoast-schema-graph\">{\"@context\":\"https:\/\/schema.org\",\"@graph\":[{\"@type\":\"WebPage\",\"@id\":\"https:\/\/www.itineris-building.fr\/agence\/dossier-locataire-telecharger\/\",\"url\":\"https:\/\/www.itineris-building.fr\/agence\/dossier-locataire-telecharger\/\",\"name\":\"Dossier locataire \u00e0 t\u00e9l\u00e9charger - Itineris Building Transaction- Agence Immobili\u00e8re\",\"isPartOf\":{\"@id\":\"https:\/\/www.itineris-building.fr\/agence\/#website\"},\"datePublished\":\"2020-01-17T08:59:44+00:00\",\"dateModified\":\"2026-03-12T16:57:22+00:00\",\"description\":\"T\u00e9l\u00e9charger le dossier de candidature locataire: FICHE RENSEIGNEMENT LOCATAIRE-GARANT ET PI\u00c8CES \u00c0 FOURNIR . T\u00e9l\u00e9charger les attestations demand\u00e9es : ATTESTATION D\u2019HEBERGEMENT. ATTESTATION EMPLOYEUR. ATTESTATION RATTACHEMENT FISCAL 2019. ATTESTATION RATTACHEMENT FISCAL 2020 . T\u00e9l\u00e9charger le dossier cautionnement: CAUTIONNEMENT LOCATAIRE \u2026\",\"breadcrumb\":{\"@id\":\"https:\/\/www.itineris-building.fr\/agence\/dossier-locataire-telecharger\/#breadcrumb\"},\"inLanguage\":\"fr-FR\",\"potentialAction\":[{\"@type\":\"ReadAction\",\"target\":[\"https:\/\/www.itineris-building.fr\/agence\/dossier-locataire-telecharger\/\"]}]},{\"@type\":\"BreadcrumbList\",\"@id\":\"https:\/\/www.itineris-building.fr\/agence\/dossier-locataire-telecharger\/#breadcrumb\",\"itemListElement\":[{\"@type\":\"ListItem\",\"position\":1,\"name\":\"Accueil\",\"item\":\"https:\/\/www.itineris-building.fr\/agence\/\"},{\"@type\":\"ListItem\",\"position\":2,\"name\":\"Dossier locataire \u00e0 t\u00e9l\u00e9charger\"}]},{\"@type\":\"WebSite\",\"@id\":\"https:\/\/www.itineris-building.fr\/agence\/#website\",\"url\":\"https:\/\/www.itineris-building.fr\/agence\/\",\"name\":\"Itineris Building Transaction- Agence Immobili\u00e8re\",\"description\":\"Location\/Vente appartement ou maison\",\"potentialAction\":[{\"@type\":\"SearchAction\",\"target\":{\"@type\":\"EntryPoint\",\"urlTemplate\":\"https:\/\/www.itineris-building.fr\/agence\/?s={search_term_string}\"},\"query-input\":{\"@type\":\"PropertyValueSpecification\",\"valueRequired\":true,\"valueName\":\"search_term_string\"}}],\"inLanguage\":\"fr-FR\"}]}<\/script>\n<!-- \/ Yoast SEO plugin. -->","yoast_head_json":{"title":"Dossier locataire \u00e0 t\u00e9l\u00e9charger - Itineris Building Transaction- Agence Immobili\u00e8re","description":"T\u00e9l\u00e9charger le dossier de candidature locataire: FICHE RENSEIGNEMENT LOCATAIRE-GARANT ET PI\u00c8CES \u00c0 FOURNIR . T\u00e9l\u00e9charger les attestations demand\u00e9es : ATTESTATION D\u2019HEBERGEMENT. ATTESTATION EMPLOYEUR. ATTESTATION RATTACHEMENT FISCAL 2019. ATTESTATION RATTACHEMENT FISCAL 2020 . T\u00e9l\u00e9charger le dossier cautionnement: CAUTIONNEMENT LOCATAIRE \u2026","robots":{"index":"index","follow":"follow","max-snippet":"max-snippet:-1","max-image-preview":"max-image-preview:large","max-video-preview":"max-video-preview:-1"},"canonical":"https:\/\/www.itineris-building.fr\/agence\/dossier-locataire-telecharger\/","og_locale":"fr_FR","og_type":"article","og_title":"Dossier locataire \u00e0 t\u00e9l\u00e9charger - Itineris Building Transaction- Agence Immobili\u00e8re","og_description":"T\u00e9l\u00e9charger le dossier de candidature locataire: FICHE RENSEIGNEMENT LOCATAIRE-GARANT ET PI\u00c8CES \u00c0 FOURNIR . T\u00e9l\u00e9charger les attestations demand\u00e9es : ATTESTATION D\u2019HEBERGEMENT. ATTESTATION EMPLOYEUR. ATTESTATION RATTACHEMENT FISCAL 2019. ATTESTATION RATTACHEMENT FISCAL 2020 . T\u00e9l\u00e9charger le dossier cautionnement: CAUTIONNEMENT LOCATAIRE \u2026","og_url":"https:\/\/www.itineris-building.fr\/agence\/dossier-locataire-telecharger\/","og_site_name":"Itineris Building Transaction- Agence Immobili\u00e8re","article_modified_time":"2026-03-12T16:57:22+00:00","twitter_card":"summary_large_image","twitter_misc":{"Dur\u00e9e de lecture estim\u00e9e":"1 minute"},"schema":{"@context":"https:\/\/schema.org","@graph":[{"@type":"WebPage","@id":"https:\/\/www.itineris-building.fr\/agence\/dossier-locataire-telecharger\/","url":"https:\/\/www.itineris-building.fr\/agence\/dossier-locataire-telecharger\/","name":"Dossier locataire \u00e0 t\u00e9l\u00e9charger - Itineris Building Transaction- Agence Immobili\u00e8re","isPartOf":{"@id":"https:\/\/www.itineris-building.fr\/agence\/#website"},"datePublished":"2020-01-17T08:59:44+00:00","dateModified":"2026-03-12T16:57:22+00:00","description":"T\u00e9l\u00e9charger le dossier de candidature locataire: FICHE RENSEIGNEMENT LOCATAIRE-GARANT ET PI\u00c8CES \u00c0 FOURNIR . T\u00e9l\u00e9charger les attestations demand\u00e9es : ATTESTATION D\u2019HEBERGEMENT. ATTESTATION EMPLOYEUR. ATTESTATION RATTACHEMENT FISCAL 2019. ATTESTATION RATTACHEMENT FISCAL 2020 . T\u00e9l\u00e9charger le dossier cautionnement: CAUTIONNEMENT LOCATAIRE \u2026","breadcrumb":{"@id":"https:\/\/www.itineris-building.fr\/agence\/dossier-locataire-telecharger\/#breadcrumb"},"inLanguage":"fr-FR","potentialAction":[{"@type":"ReadAction","target":["https:\/\/www.itineris-building.fr\/agence\/dossier-locataire-telecharger\/"]}]},{"@type":"BreadcrumbList","@id":"https:\/\/www.itineris-building.fr\/agence\/dossier-locataire-telecharger\/#breadcrumb","itemListElement":[{"@type":"ListItem","position":1,"name":"Accueil","item":"https:\/\/www.itineris-building.fr\/agence\/"},{"@type":"ListItem","position":2,"name":"Dossier locataire \u00e0 t\u00e9l\u00e9charger"}]},{"@type":"WebSite","@id":"https:\/\/www.itineris-building.fr\/agence\/#website","url":"https:\/\/www.itineris-building.fr\/agence\/","name":"Itineris Building Transaction- Agence Immobili\u00e8re","description":"Location\/Vente appartement ou maison","potentialAction":[{"@type":"SearchAction","target":{"@type":"EntryPoint","urlTemplate":"https:\/\/www.itineris-building.fr\/agence\/?s={search_term_string}"},"query-input":{"@type":"PropertyValueSpecification","valueRequired":true,"valueName":"search_term_string"}}],"inLanguage":"fr-FR"}]}},"_links":{"self":[{"href":"https:\/\/www.itineris-building.fr\/agence\/wp-json\/wp\/v2\/pages\/28564","targetHints":{"allow":["GET"]}}],"collection":[{"href":"https:\/\/www.itineris-building.fr\/agence\/wp-json\/wp\/v2\/pages"}],"about":[{"href":"https:\/\/www.itineris-building.fr\/agence\/wp-json\/wp\/v2\/types\/page"}],"author":[{"embeddable":true,"href":"https:\/\/www.itineris-building.fr\/agence\/wp-json\/wp\/v2\/users\/1"}],"replies":[{"embeddable":true,"href":"https:\/\/www.itineris-building.fr\/agence\/wp-json\/wp\/v2\/comments?post=28564"}],"version-history":[{"count":146,"href":"https:\/\/www.itineris-building.fr\/agence\/wp-json\/wp\/v2\/pages\/28564\/revisions"}],"predecessor-version":[{"id":6466695,"href":"https:\/\/www.itineris-building.fr\/agence\/wp-json\/wp\/v2\/pages\/28564\/revisions\/6466695"}],"wp:attachment":[{"href":"https:\/\/www.itineris-building.fr\/agence\/wp-json\/wp\/v2\/media?parent=28564"}],"curies":[{"name":"wp","href":"https:\/\/api.w.org\/{rel}","templated":true}]}}