{"id":5027176,"date":"2021-03-01T09:39:10","date_gmt":"2021-03-01T08:39:10","guid":{"rendered":"https:\/\/www.itineris-building.fr\/agence\/?page_id=5027176"},"modified":"2023-04-11T17:59:47","modified_gmt":"2023-04-11T15:59:47","slug":"recherche","status":"publish","type":"page","link":"https:\/\/www.itineris-building.fr\/agence\/recherche\/","title":{"rendered":"Recherche"},"content":{"rendered":"","protected":false},"excerpt":{"rendered":"","protected":false},"author":1,"featured_media":0,"parent":0,"menu_order":0,"comment_status":"closed","ping_status":"closed","template":"page-templates\/advanced_search_results.php","meta":{"footnotes":""},"class_list":["post-5027176","page","type-page","status-publish","hentry"],"yoast_head":"<!-- This site is optimized with the Yoast SEO plugin v26.8 - https:\/\/yoast.com\/product\/yoast-seo-wordpress\/ -->\n<title>Recherche - Itineris Building Transaction- Agence Immobili\u00e8re<\/title>\n<meta name=\"description\" content=\"Itineris Bulding Transaction est une agence immobili\u00e8re \u00e0 Clermont Ferrand ( Puy de D\u00f4me, Auvergne) proposant \u00e0 la location ou \u00e0 la vente des appartements (Studio, \u2026\" \/>\n<meta name=\"robots\" content=\"index, follow, max-snippet:-1, max-image-preview:large, max-video-preview:-1\" \/>\n<link rel=\"canonical\" href=\"https:\/\/www.itineris-building.fr\/agence\/recherche\/\" \/>\n<meta property=\"og:locale\" content=\"fr_FR\" \/>\n<meta property=\"og:type\" content=\"article\" \/>\n<meta property=\"og:title\" content=\"Recherche - Itineris Building Transaction- Agence Immobili\u00e8re\" \/>\n<meta property=\"og:description\" content=\"Itineris Bulding Transaction est une agence immobili\u00e8re \u00e0 Clermont Ferrand ( Puy de D\u00f4me, Auvergne) proposant \u00e0 la location ou \u00e0 la vente des appartements (Studio, \u2026\" \/>\n<meta property=\"og:url\" content=\"https:\/\/www.itineris-building.fr\/agence\/recherche\/\" \/>\n<meta property=\"og:site_name\" content=\"Itineris Building Transaction- Agence Immobili\u00e8re\" \/>\n<meta property=\"article:modified_time\" content=\"2023-04-11T15:59:47+00:00\" \/>\n<meta name=\"twitter:card\" content=\"summary_large_image\" \/>\n<script type=\"application\/ld+json\" class=\"yoast-schema-graph\">{\"@context\":\"https:\/\/schema.org\",\"@graph\":[{\"@type\":\"WebPage\",\"@id\":\"https:\/\/www.itineris-building.fr\/agence\/recherche\/\",\"url\":\"https:\/\/www.itineris-building.fr\/agence\/recherche\/\",\"name\":\"Recherche - Itineris Building Transaction- Agence Immobili\u00e8re\",\"isPartOf\":{\"@id\":\"https:\/\/www.itineris-building.fr\/agence\/#website\"},\"datePublished\":\"2021-03-01T08:39:10+00:00\",\"dateModified\":\"2023-04-11T15:59:47+00:00\",\"description\":\"Itineris Bulding Transaction est une agence immobili\u00e8re \u00e0 Clermont Ferrand ( Puy de D\u00f4me, Auvergne) proposant \u00e0 la location ou \u00e0 la vente des appartements (Studio, \u2026\",\"breadcrumb\":{\"@id\":\"https:\/\/www.itineris-building.fr\/agence\/recherche\/#breadcrumb\"},\"inLanguage\":\"fr-FR\",\"potentialAction\":[{\"@type\":\"ReadAction\",\"target\":[\"https:\/\/www.itineris-building.fr\/agence\/recherche\/\"]}]},{\"@type\":\"BreadcrumbList\",\"@id\":\"https:\/\/www.itineris-building.fr\/agence\/recherche\/#breadcrumb\",\"itemListElement\":[{\"@type\":\"ListItem\",\"position\":1,\"name\":\"Accueil\",\"item\":\"https:\/\/www.itineris-building.fr\/agence\/\"},{\"@type\":\"ListItem\",\"position\":2,\"name\":\"Recherche\"}]},{\"@type\":\"WebSite\",\"@id\":\"https:\/\/www.itineris-building.fr\/agence\/#website\",\"url\":\"https:\/\/www.itineris-building.fr\/agence\/\",\"name\":\"Itineris Building Transaction- Agence Immobili\u00e8re\",\"description\":\"Location\/Vente appartement ou maison\",\"potentialAction\":[{\"@type\":\"SearchAction\",\"target\":{\"@type\":\"EntryPoint\",\"urlTemplate\":\"https:\/\/www.itineris-building.fr\/agence\/?s={search_term_string}\"},\"query-input\":{\"@type\":\"PropertyValueSpecification\",\"valueRequired\":true,\"valueName\":\"search_term_string\"}}],\"inLanguage\":\"fr-FR\"}]}<\/script>\n<!-- \/ Yoast SEO plugin. -->","yoast_head_json":{"title":"Recherche - Itineris Building Transaction- Agence Immobili\u00e8re","description":"Itineris Bulding Transaction est une agence immobili\u00e8re \u00e0 Clermont Ferrand ( Puy de D\u00f4me, Auvergne) proposant \u00e0 la location ou \u00e0 la vente des appartements (Studio, \u2026","robots":{"index":"index","follow":"follow","max-snippet":"max-snippet:-1","max-image-preview":"max-image-preview:large","max-video-preview":"max-video-preview:-1"},"canonical":"https:\/\/www.itineris-building.fr\/agence\/recherche\/","og_locale":"fr_FR","og_type":"article","og_title":"Recherche - Itineris Building Transaction- Agence Immobili\u00e8re","og_description":"Itineris Bulding Transaction est une agence immobili\u00e8re \u00e0 Clermont Ferrand ( Puy de D\u00f4me, Auvergne) proposant \u00e0 la location ou \u00e0 la vente des appartements (Studio, \u2026","og_url":"https:\/\/www.itineris-building.fr\/agence\/recherche\/","og_site_name":"Itineris Building Transaction- Agence Immobili\u00e8re","article_modified_time":"2023-04-11T15:59:47+00:00","twitter_card":"summary_large_image","schema":{"@context":"https:\/\/schema.org","@graph":[{"@type":"WebPage","@id":"https:\/\/www.itineris-building.fr\/agence\/recherche\/","url":"https:\/\/www.itineris-building.fr\/agence\/recherche\/","name":"Recherche - Itineris Building Transaction- Agence Immobili\u00e8re","isPartOf":{"@id":"https:\/\/www.itineris-building.fr\/agence\/#website"},"datePublished":"2021-03-01T08:39:10+00:00","dateModified":"2023-04-11T15:59:47+00:00","description":"Itineris Bulding Transaction est une agence immobili\u00e8re \u00e0 Clermont Ferrand ( Puy de D\u00f4me, Auvergne) proposant \u00e0 la location ou \u00e0 la vente des appartements (Studio, \u2026","breadcrumb":{"@id":"https:\/\/www.itineris-building.fr\/agence\/recherche\/#breadcrumb"},"inLanguage":"fr-FR","potentialAction":[{"@type":"ReadAction","target":["https:\/\/www.itineris-building.fr\/agence\/recherche\/"]}]},{"@type":"BreadcrumbList","@id":"https:\/\/www.itineris-building.fr\/agence\/recherche\/#breadcrumb","itemListElement":[{"@type":"ListItem","position":1,"name":"Accueil","item":"https:\/\/www.itineris-building.fr\/agence\/"},{"@type":"ListItem","position":2,"name":"Recherche"}]},{"@type":"WebSite","@id":"https:\/\/www.itineris-building.fr\/agence\/#website","url":"https:\/\/www.itineris-building.fr\/agence\/","name":"Itineris Building Transaction- Agence Immobili\u00e8re","description":"Location\/Vente appartement ou maison","potentialAction":[{"@type":"SearchAction","target":{"@type":"EntryPoint","urlTemplate":"https:\/\/www.itineris-building.fr\/agence\/?s={search_term_string}"},"query-input":{"@type":"PropertyValueSpecification","valueRequired":true,"valueName":"search_term_string"}}],"inLanguage":"fr-FR"}]}},"_links":{"self":[{"href":"https:\/\/www.itineris-building.fr\/agence\/wp-json\/wp\/v2\/pages\/5027176","targetHints":{"allow":["GET"]}}],"collection":[{"href":"https:\/\/www.itineris-building.fr\/agence\/wp-json\/wp\/v2\/pages"}],"about":[{"href":"https:\/\/www.itineris-building.fr\/agence\/wp-json\/wp\/v2\/types\/page"}],"author":[{"embeddable":true,"href":"https:\/\/www.itineris-building.fr\/agence\/wp-json\/wp\/v2\/users\/1"}],"replies":[{"embeddable":true,"href":"https:\/\/www.itineris-building.fr\/agence\/wp-json\/wp\/v2\/comments?post=5027176"}],"version-history":[{"count":1,"href":"https:\/\/www.itineris-building.fr\/agence\/wp-json\/wp\/v2\/pages\/5027176\/revisions"}],"predecessor-version":[{"id":5027177,"href":"https:\/\/www.itineris-building.fr\/agence\/wp-json\/wp\/v2\/pages\/5027176\/revisions\/5027177"}],"wp:attachment":[{"href":"https:\/\/www.itineris-building.fr\/agence\/wp-json\/wp\/v2\/media?parent=5027176"}],"curies":[{"name":"wp","href":"https:\/\/api.w.org\/{rel}","templated":true}]}}