{"id":28732,"date":"2019-10-24T11:02:36","date_gmt":"2019-10-24T09:02:36","guid":{"rendered":"https:\/\/www.itineris-building.fr\/promoteur\/?page_id=28732"},"modified":"2021-12-03T14:58:27","modified_gmt":"2021-12-03T13:58:27","slug":"presse","status":"publish","type":"page","link":"https:\/\/www.itineris-building.fr\/promoteur\/presse\/","title":{"rendered":"Nos articles"},"content":{"rendered":"\t\t<div data-elementor-type=\"wp-page\" data-elementor-id=\"28732\" class=\"elementor elementor-28732\">\n\t\t\t\t\t\t<section class=\"elementor-section elementor-top-section elementor-element elementor-element-a7ae0a1 elementor-section-boxed elementor-section-height-default elementor-section-height-default\" data-id=\"a7ae0a1\" data-element_type=\"section\">\n\t\t\t\t\t\t<div class=\"elementor-container elementor-column-gap-default\">\n\t\t\t\t\t<div class=\"elementor-column elementor-col-100 elementor-top-column elementor-element elementor-element-7558b6d2\" data-id=\"7558b6d2\" data-element_type=\"column\">\n\t\t\t<div class=\"elementor-widget-wrap elementor-element-populated\">\n\t\t\t\t\t\t<div class=\"elementor-element elementor-element-5ec7d3ec elementor-widget elementor-widget-spacer\" data-id=\"5ec7d3ec\" data-element_type=\"widget\" data-widget_type=\"spacer.default\">\n\t\t\t\t<div class=\"elementor-widget-container\">\n\t\t\t\t\t\t\t<div class=\"elementor-spacer\">\n\t\t\t<div class=\"elementor-spacer-inner\"><\/div>\n\t\t<\/div>\n\t\t\t\t\t\t<\/div>\n\t\t\t\t<\/div>\n\t\t\t\t<div class=\"elementor-element elementor-element-7d818268 elementor-invisible elementor-widget elementor-widget-heading\" data-id=\"7d818268\" data-element_type=\"widget\" data-settings=\"{&quot;_animation&quot;:&quot;fadeInDown&quot;,&quot;_animation_delay&quot;:&quot;200&quot;}\" data-widget_type=\"heading.default\">\n\t\t\t\t<div class=\"elementor-widget-container\">\n\t\t\t\t\t<h2 class=\"elementor-heading-title elementor-size-default\">REVUE DE PRESSE<\/h2>\t\t\t\t<\/div>\n\t\t\t\t<\/div>\n\t\t\t\t<div class=\"elementor-element elementor-element-50db73ba elementor-widget-divider--view-line elementor-invisible elementor-widget elementor-widget-divider\" data-id=\"50db73ba\" data-element_type=\"widget\" data-settings=\"{&quot;_animation&quot;:&quot;fadeInUp&quot;}\" data-widget_type=\"divider.default\">\n\t\t\t\t<div class=\"elementor-widget-container\">\n\t\t\t\t\t\t\t<div class=\"elementor-divider\">\n\t\t\t<span class=\"elementor-divider-separator\">\n\t\t\t\t\t\t<\/span>\n\t\t<\/div>\n\t\t\t\t\t\t<\/div>\n\t\t\t\t<\/div>\n\t\t\t\t\t<\/div>\n\t\t<\/div>\n\t\t\t\t\t<\/div>\n\t\t<\/section>\n\t\t\t\t<section class=\"elementor-section elementor-top-section elementor-element elementor-element-1eaf39a elementor-section-boxed elementor-section-height-default elementor-section-height-default\" data-id=\"1eaf39a\" data-element_type=\"section\">\n\t\t\t\t\t\t<div class=\"elementor-container elementor-column-gap-default\">\n\t\t\t\t\t<div class=\"elementor-column elementor-col-100 elementor-top-column elementor-element elementor-element-3734fdc\" data-id=\"3734fdc\" data-element_type=\"column\">\n\t\t\t<div class=\"elementor-widget-wrap elementor-element-populated\">\n\t\t\t\t\t\t<div class=\"elementor-element elementor-element-be11312 elementor-grid-eael-col-2 elementor-grid-tablet-eael-col-2 elementor-grid-mobile-eael-col-1 elementor-invisible elementor-widget elementor-widget-eael-post-grid\" data-id=\"be11312\" data-element_type=\"widget\" data-settings=\"{&quot;eael_post_grid_columns&quot;:&quot;eael-col-2&quot;,&quot;_animation&quot;:&quot;fadeInUp&quot;,&quot;eael_post_grid_columns_tablet&quot;:&quot;eael-col-2&quot;,&quot;eael_post_grid_columns_mobile&quot;:&quot;eael-col-1&quot;}\" data-widget_type=\"eael-post-grid.default\">\n\t\t\t\t<div class=\"elementor-widget-container\">\n\t\t\t\t\t<div id=\"eael-post-grid-be11312\" class=\"eael-post-grid-container\">\n            <div class=\"eael-post-grid eael-post-appender eael-post-appender-be11312 eael-post-grid-style-one\" data-layout-mode=\"grid\"><article class=\"eael-grid-post  eael-post-grid-column eael-pg-post-37445 category-immobilier\" data-id=\"37445\">\n        <div class=\"eael-grid-post-holder\">\n            <div class=\"eael-grid-post-holder-inner\"><div class=\"eael-entry-wrapper\"><header class=\"eael-entry-header\"><h2 class=\"eael-entry-title\"><a class=\"eael-grid-post-link\" href=\"https:\/\/www.itineris-building.fr\/promoteur\/a-clermont-ferrand-lemplacement-est-un-sujet-majeur-pour-les-acheteurs\/\" title=\"\u00ab A Clermont-Ferrand, l\u2019emplacement est un sujet majeur pour les acheteurs \u00bb\">\u00ab A Clermont-Ferrand, l\u2019emplacement est un sujet majeur pour les acheteurs \u00bb<\/a><\/h2><\/header><div class=\"eael-entry-content\">\n                        <div class=\"eael-grid-post-excerpt\"><p>(Article Se Loger du 18 mars 2021)\u00a0 T\u00e9l\u00e9charger l&rsquo;article : \u00ab\u00a0A Clermont-Ferrand, l\u2019emplacement est un sujet majeur pour les acheteurs\u00a0\u00bb \u00a0<\/p><a href=\"https:\/\/www.itineris-building.fr\/promoteur\/a-clermont-ferrand-lemplacement-est-un-sujet-majeur-pour-les-acheteurs\/\" class=\"eael-post-elements-readmore-btn\">Lire la suite<\/a><\/div>\n                    <\/div><\/div><\/div>\n        <\/div>\n    <\/article><article class=\"eael-grid-post  eael-post-grid-column eael-pg-post-38223 category-immobilier\" data-id=\"38223\">\n        <div class=\"eael-grid-post-holder\">\n            <div class=\"eael-grid-post-holder-inner\"><div class=\"eael-entry-wrapper\"><header class=\"eael-entry-header\"><h2 class=\"eael-entry-title\"><a class=\"eael-grid-post-link\" href=\"https:\/\/www.itineris-building.fr\/promoteur\/prix-de-linnovation-industrielle-laureat-studio-gabriel\/\" title=\"\u00ab Prix de l\u2019innovation industrielle \u2013 Laur\u00e9at : Studio Gabriel \u00bb\">\u00ab Prix de l\u2019innovation industrielle \u2013 Laur\u00e9at : Studio Gabriel \u00bb<\/a><\/h2><\/header><div class=\"eael-entry-content\">\n                        <div class=\"eael-grid-post-excerpt\"><p>(Dossier de presse Troph\u00e9es des Pyramides \u2013 23 mai 2019) T\u00e9l\u00e9charger l&rsquo;article : \u00ab Prix de l\u2019innovation industrielle Laur\u00e9at Studio Gabriel \u00bb<\/p><a href=\"https:\/\/www.itineris-building.fr\/promoteur\/prix-de-linnovation-industrielle-laureat-studio-gabriel\/\" class=\"eael-post-elements-readmore-btn\">Lire la suite<\/a><\/div>\n                    <\/div><\/div><\/div>\n        <\/div>\n    <\/article><article class=\"eael-grid-post  eael-post-grid-column eael-pg-post-38218 category-immobilier\" data-id=\"38218\">\n        <div class=\"eael-grid-post-holder\">\n            <div class=\"eael-grid-post-holder-inner\"><div class=\"eael-entry-wrapper\"><header class=\"eael-entry-header\"><h2 class=\"eael-entry-title\"><a class=\"eael-grid-post-link\" href=\"https:\/\/www.itineris-building.fr\/promoteur\/clermont-auvergne-metropole-la-metropole-au-4e-rang-des-villes-les-plus-attractives-et-dynamiques\/\" title=\"\u00ab Clermont Auvergne Me\u0301tropole-La me\u0301tropole au 4e rang des villes les plus attractives et dynamiques \u00bb\">\u00ab Clermont Auvergne Me\u0301tropole-La me\u0301tropole au 4e rang des villes les plus attractives et dynamiques \u00bb<\/a><\/h2><\/header><div class=\"eael-entry-content\">\n                        <div class=\"eael-grid-post-excerpt\"><p>(Article Clermont Auvergne M\u00e9tropole du 19 d\u00e9cembre 2018) T\u00e9l\u00e9charger l&rsquo;article : \u00ab Clermont Auvergne Me\u0301tropole-La me\u0301tropole au 4e rang des villes les plus attractives et dynamiques \u00bb<\/p><a href=\"https:\/\/www.itineris-building.fr\/promoteur\/clermont-auvergne-metropole-la-metropole-au-4e-rang-des-villes-les-plus-attractives-et-dynamiques\/\" class=\"eael-post-elements-readmore-btn\">Lire la suite<\/a><\/div>\n                    <\/div><\/div><\/div>\n        <\/div>\n    <\/article><article class=\"eael-grid-post  eael-post-grid-column eael-pg-post-38210 category-immobilier\" data-id=\"38210\">\n        <div class=\"eael-grid-post-holder\">\n            <div class=\"eael-grid-post-holder-inner\"><div class=\"eael-entry-wrapper\"><header class=\"eael-entry-header\"><h2 class=\"eael-entry-title\"><a class=\"eael-grid-post-link\" href=\"https:\/\/www.itineris-building.fr\/promoteur\/lannee-2018-confirme-clairement-la-dynamique-interview-philippe-vigneron\/\" title=\"\u00ab L\u2019ann\u00e9e 2018 confirme clairement la dynamique ! \u00bb  Interview Philippe Vigneron\">\u00ab L\u2019ann\u00e9e 2018 confirme clairement la dynamique ! \u00bb  Interview Philippe Vigneron<\/a><\/h2><\/header><div class=\"eael-entry-content\">\n                        <div class=\"eael-grid-post-excerpt\"><p>(Article Info Magazine du 11 juin 2018) T\u00e9l\u00e9charger l&rsquo;article : \u00ab L\u2019ann\u00e9e 2018 confirme clairement la dynamique ! \u00bb<\/p><a href=\"https:\/\/www.itineris-building.fr\/promoteur\/lannee-2018-confirme-clairement-la-dynamique-interview-philippe-vigneron\/\" class=\"eael-post-elements-readmore-btn\">Lire la suite<\/a><\/div>\n                    <\/div><\/div><\/div>\n        <\/div>\n    <\/article><article class=\"eael-grid-post  eael-post-grid-column eael-pg-post-38198 category-immobilier\" data-id=\"38198\">\n        <div class=\"eael-grid-post-holder\">\n            <div class=\"eael-grid-post-holder-inner\"><div class=\"eael-entry-wrapper\"><header class=\"eael-entry-header\"><h2 class=\"eael-entry-title\"><a class=\"eael-grid-post-link\" href=\"https:\/\/www.itineris-building.fr\/promoteur\/la-residence-campus-iii-obtient-la-pyramide-dargent-2018-du-batiment-bas-carbone-4\/\" title=\"La R\u00e9sidence \u00ab Campus III \u00bb obtient la Pyramide d\u2019Argent 2018 du B\u00e2timent Bas-Carbone\">La R\u00e9sidence \u00ab Campus III \u00bb obtient la Pyramide d\u2019Argent 2018 du B\u00e2timent Bas-Carbone<\/a><\/h2><\/header><div class=\"eael-entry-content\">\n                        <div class=\"eael-grid-post-excerpt\"><p>(Soir\u00e9e du 31 mai 2018 \u2013 Chapelle des Cordeliers \u2013 Clermont-Ferrand) Pr\u00e9c\u00e9dent Suivant T\u00e9l\u00e9charger l&rsquo;article : La R\u00e9sidence \u00ab\u00a0Campus III\u00a0\u00bb obtient la Pyramide d\u2019Argent 2018 du B\u00e2timent Bas-Carbone<\/p><a href=\"https:\/\/www.itineris-building.fr\/promoteur\/la-residence-campus-iii-obtient-la-pyramide-dargent-2018-du-batiment-bas-carbone-4\/\" class=\"eael-post-elements-readmore-btn\">Lire la suite<\/a><\/div>\n                    <\/div><\/div><\/div>\n        <\/div>\n    <\/article><article class=\"eael-grid-post  eael-post-grid-column eael-pg-post-38169 category-immobilier\" data-id=\"38169\">\n        <div class=\"eael-grid-post-holder\">\n            <div class=\"eael-grid-post-holder-inner\"><div class=\"eael-entry-wrapper\"><header class=\"eael-entry-header\"><h2 class=\"eael-entry-title\"><a class=\"eael-grid-post-link\" href=\"https:\/\/www.itineris-building.fr\/promoteur\/la-14e-ceremonie-des-trophees-des-pyramides-a-recompense-linnovation-architecturale\/\" title=\"\u00ab La 14e c\u00e9r\u00e9monie des Troph\u00e9es des Pyramides a r\u00e9compens\u00e9 l\u2019innovation architecturale \u00bb\">\u00ab La 14e c\u00e9r\u00e9monie des Troph\u00e9es des Pyramides a r\u00e9compens\u00e9 l\u2019innovation architecturale \u00bb<\/a><\/h2><\/header><div class=\"eael-entry-content\">\n                        <div class=\"eael-grid-post-excerpt\"><p>(Article La Montagne du 04 juin 2018) T\u00e9l\u00e9charger l&rsquo;article : \u00ab\u00a0La 14e c\u00e9r\u00e9monie des Troph\u00e9es des Pyramides a r\u00e9compens\u00e9 l\u2019innovation architecturale\u00a0\u00bb<\/p><a href=\"https:\/\/www.itineris-building.fr\/promoteur\/la-14e-ceremonie-des-trophees-des-pyramides-a-recompense-linnovation-architecturale\/\" class=\"eael-post-elements-readmore-btn\">Lire la suite<\/a><\/div>\n                    <\/div><\/div><\/div>\n        <\/div>\n    <\/article><article class=\"eael-grid-post  eael-post-grid-column eael-pg-post-38163 category-immobilier\" data-id=\"38163\">\n        <div class=\"eael-grid-post-holder\">\n            <div class=\"eael-grid-post-holder-inner\"><div class=\"eael-entry-wrapper\"><header class=\"eael-entry-header\"><h2 class=\"eael-entry-title\"><a class=\"eael-grid-post-link\" href=\"https:\/\/www.itineris-building.fr\/promoteur\/moins-50-000-logements-cest-aussi-100-000-emplois-en-moins\/\" title=\"\u00ab Moins 50 000 logements, c\u2019est aussi 100 000 emplois en moins \u00bb\">\u00ab Moins 50 000 logements, c\u2019est aussi 100 000 emplois en moins \u00bb<\/a><\/h2><\/header><div class=\"eael-entry-content\">\n                        <div class=\"eael-grid-post-excerpt\"><p>(Article Info du 05 mars 2018) T\u00e9l\u00e9charger l&rsquo;article : \u00ab Moins 50 000 logements, c\u2019est aussi 100 000 emplois en moins \u00bb<\/p><a href=\"https:\/\/www.itineris-building.fr\/promoteur\/moins-50-000-logements-cest-aussi-100-000-emplois-en-moins\/\" class=\"eael-post-elements-readmore-btn\">Lire la suite<\/a><\/div>\n                    <\/div><\/div><\/div>\n        <\/div>\n    <\/article><article class=\"eael-grid-post  eael-post-grid-column eael-pg-post-38157 category-immobilier\" data-id=\"38157\">\n        <div class=\"eael-grid-post-holder\">\n            <div class=\"eael-grid-post-holder-inner\"><div class=\"eael-entry-wrapper\"><header class=\"eael-entry-header\"><h2 class=\"eael-entry-title\"><a class=\"eael-grid-post-link\" href=\"https:\/\/www.itineris-building.fr\/promoteur\/lart-de-construire-pierre-apres-pierre-interview-philippe-vigneron\/\" title=\"\u00ab L\u2019art de construire pierre apr\u00e8s pierre \u00bb Interview Philippe Vigneron\">\u00ab L\u2019art de construire pierre apr\u00e8s pierre \u00bb Interview Philippe Vigneron<\/a><\/h2><\/header><div class=\"eael-entry-content\">\n                        <div class=\"eael-grid-post-excerpt\"><p>(Article Logic Immo du 28 f\u00e9vrier 2018) T\u00e9l\u00e9charger l&rsquo;article : \u00ab L\u2019art de construire pierre apr\u00e8s pierre \u00bb<\/p><a href=\"https:\/\/www.itineris-building.fr\/promoteur\/lart-de-construire-pierre-apres-pierre-interview-philippe-vigneron\/\" class=\"eael-post-elements-readmore-btn\">Lire la suite<\/a><\/div>\n                    <\/div><\/div><\/div>\n        <\/div>\n    <\/article><article class=\"eael-grid-post  eael-post-grid-column eael-pg-post-38151 category-immobilier\" data-id=\"38151\">\n        <div class=\"eael-grid-post-holder\">\n            <div class=\"eael-grid-post-holder-inner\"><div class=\"eael-entry-wrapper\"><header class=\"eael-entry-header\"><h2 class=\"eael-entry-title\"><a class=\"eael-grid-post-link\" href=\"https:\/\/www.itineris-building.fr\/promoteur\/immobilier-cest-reparti\/\" title=\"Immobilier, c\u2019est reparti\">Immobilier, c\u2019est reparti<\/a><\/h2><\/header><div class=\"eael-entry-content\">\n                        <div class=\"eael-grid-post-excerpt\"><p>(Article La Montagne du 19 f\u00e9vrier 2018) T\u00e9l\u00e9charger l&rsquo;article : Immobilier, c\u2019est reparti<\/p><a href=\"https:\/\/www.itineris-building.fr\/promoteur\/immobilier-cest-reparti\/\" class=\"eael-post-elements-readmore-btn\">Lire la suite<\/a><\/div>\n                    <\/div><\/div><\/div>\n        <\/div>\n    <\/article><article class=\"eael-grid-post  eael-post-grid-column eael-pg-post-38145 category-immobilier\" data-id=\"38145\">\n        <div class=\"eael-grid-post-holder\">\n            <div class=\"eael-grid-post-holder-inner\"><div class=\"eael-entry-wrapper\"><header class=\"eael-entry-header\"><h2 class=\"eael-entry-title\"><a class=\"eael-grid-post-link\" href=\"https:\/\/www.itineris-building.fr\/promoteur\/et-si-limmobilier-grimpait-pendant-des-decennies\/\" title=\"\u00ab Et si l\u2019immobilier grimpait pendant des d\u00e9cennies ? \u00bb\">\u00ab Et si l\u2019immobilier grimpait pendant des d\u00e9cennies ? \u00bb<\/a><\/h2><\/header><div class=\"eael-entry-content\">\n                        <div class=\"eael-grid-post-excerpt\"><p>(Article Les Echos du 13 f\u00e9vrier 2018) T\u00e9l\u00e9charger l&rsquo;article : \u00ab Et si l\u2019immobilier grimpait pendant des d\u00e9cennies<\/p><a href=\"https:\/\/www.itineris-building.fr\/promoteur\/et-si-limmobilier-grimpait-pendant-des-decennies\/\" class=\"eael-post-elements-readmore-btn\">Lire la suite<\/a><\/div>\n                    <\/div><\/div><\/div>\n        <\/div>\n    <\/article><\/div>\n            <div class=\"clearfix\"><\/div>\n        <\/div>            <div class=\"eael-load-more-button-wrap\">\n                <button class=\"eael-load-more-button\" id=\"eael-load-more-btn-be11312\" data-widget-id=\"be11312\" data-widget=\"be11312\" data-page-id=\"28732\" data-template=\"{&quot;dir&quot;:&quot;lite&quot;,&quot;file_name&quot;:&quot;one.php&quot;,&quot;name&quot;:&quot;Post-Grid&quot;}\" data-class=\"Essential_Addons_Elementor\\Elements\\Post_Grid\" data-layout=\"grid\" data-page=\"1\" data-args=\"orderby=date&amp;order=desc&amp;ignore_sticky_posts=1&amp;post_status=publish&amp;posts_per_page=10&amp;offset=0&amp;post_type=post\" data-max-page=\"11\">\n                    <span class=\"eael-btn-loader button__loader\"><\/span>\n                    <span class=\"eael_load_more_text\">Charger plus d&#039;articles<\/span>\n                <\/button>\n            <\/div>\n            \t\t\t\t<\/div>\n\t\t\t\t<\/div>\n\t\t\t\t\t<\/div>\n\t\t<\/div>\n\t\t\t\t\t<\/div>\n\t\t<\/section>\n\t\t\t\t<\/div>\n\t\t","protected":false},"excerpt":{"rendered":"<p>REVUE DE PRESSE \u00ab A Clermont-Ferrand, l\u2019emplacement est un sujet majeur pour les acheteurs \u00bb (Article Se Loger du 18 mars 2021)\u00a0 T\u00e9l\u00e9charger l\u2019article : \u00ab\u00a0A Clermont-Ferrand, l\u2019emplacement est un sujet majeur pour les acheteurs\u00a0\u00bb Lire la suite Itineris Building Promotion \u2013 08 F\u00e9vrier 2012 https:\/\/www.youtube.com\/watch?v=zPUk1ytfjzo Lire la suite Le march\u00e9 immobilier neuf de Clermont-Ferrand (Podcast Logic-Immo du 12 mars 2021) Ecouter le podcast &#8230;<\/p>\n","protected":false},"author":1,"featured_media":0,"parent":0,"menu_order":0,"comment_status":"closed","ping_status":"closed","template":"","meta":{"footnotes":""},"class_list":["post-28732","page","type-page","status-publish","hentry"],"yoast_head":"<!-- This site is optimized with the Yoast SEO plugin v26.8 - https:\/\/yoast.com\/product\/yoast-seo-wordpress\/ -->\n<title>Nos articles - Itineris Building - Promoteur<\/title>\n<meta name=\"description\" content=\"Archives de\u00a0presse. Consultez nos archives de\u00a0presse\u00a0. FICHES PRATIQUES FPI (F\u00e9d\u00e9ration des Promoteurs Immobiliers) Acheter sa r\u00e9sidence principale. La Vente en l\u2019Etat Futur d\u2019Ach\u00e8vement ou vente sur plans. La r\u00e9duction d\u2019imp\u00f4t \u00ab Scellier \u00bb Les aides en faveur des logements neufs \u00ab BBC 2005 \u00bb Cr\u00e9dit d\u2019imp\u00f4t en faveur du d\u00e9veloppement durable. Le pr\u00eat \u00e0 Taux Z\u00e9ro + pour ...\" \/>\n<meta name=\"robots\" content=\"index, follow, max-snippet:-1, max-image-preview:large, max-video-preview:-1\" \/>\n<link rel=\"canonical\" href=\"https:\/\/www.itineris-building.fr\/promoteur\/presse\/\" \/>\n<meta property=\"og:locale\" content=\"fr_FR\" \/>\n<meta property=\"og:type\" content=\"article\" \/>\n<meta property=\"og:title\" content=\"Nos articles - Itineris Building - Promoteur\" \/>\n<meta property=\"og:description\" content=\"Archives de\u00a0presse. Consultez nos archives de\u00a0presse\u00a0. FICHES PRATIQUES FPI (F\u00e9d\u00e9ration des Promoteurs Immobiliers) Acheter sa r\u00e9sidence principale. La Vente en l\u2019Etat Futur d\u2019Ach\u00e8vement ou vente sur plans. La r\u00e9duction d\u2019imp\u00f4t \u00ab Scellier \u00bb Les aides en faveur des logements neufs \u00ab BBC 2005 \u00bb Cr\u00e9dit d\u2019imp\u00f4t en faveur du d\u00e9veloppement durable. Le pr\u00eat \u00e0 Taux Z\u00e9ro + pour ...\" \/>\n<meta property=\"og:url\" content=\"https:\/\/www.itineris-building.fr\/promoteur\/presse\/\" \/>\n<meta property=\"og:site_name\" content=\"Itineris Building - Promoteur\" \/>\n<meta property=\"article:modified_time\" content=\"2021-12-03T13:58:27+00:00\" \/>\n<meta name=\"twitter:card\" content=\"summary_large_image\" \/>\n<meta name=\"twitter:label1\" content=\"Dur\u00e9e de lecture estim\u00e9e\" \/>\n\t<meta name=\"twitter:data1\" content=\"1 minute\" \/>\n<script type=\"application\/ld+json\" class=\"yoast-schema-graph\">{\"@context\":\"https:\/\/schema.org\",\"@graph\":[{\"@type\":\"WebPage\",\"@id\":\"https:\/\/www.itineris-building.fr\/promoteur\/presse\/\",\"url\":\"https:\/\/www.itineris-building.fr\/promoteur\/presse\/\",\"name\":\"Nos articles - Itineris Building - Promoteur\",\"isPartOf\":{\"@id\":\"https:\/\/www.itineris-building.fr\/promoteur\/#website\"},\"datePublished\":\"2019-10-24T09:02:36+00:00\",\"dateModified\":\"2021-12-03T13:58:27+00:00\",\"description\":\"Archives de\u00a0presse. Consultez nos archives de\u00a0presse\u00a0. FICHES PRATIQUES FPI (F\u00e9d\u00e9ration des Promoteurs Immobiliers) Acheter sa r\u00e9sidence principale. La Vente en l\u2019Etat Futur d\u2019Ach\u00e8vement ou vente sur plans. La r\u00e9duction d\u2019imp\u00f4t \u00ab Scellier \u00bb Les aides en faveur des logements neufs \u00ab BBC 2005 \u00bb Cr\u00e9dit d\u2019imp\u00f4t en faveur du d\u00e9veloppement durable. Le pr\u00eat \u00e0 Taux Z\u00e9ro + pour ...\",\"breadcrumb\":{\"@id\":\"https:\/\/www.itineris-building.fr\/promoteur\/presse\/#breadcrumb\"},\"inLanguage\":\"fr-FR\",\"potentialAction\":[{\"@type\":\"ReadAction\",\"target\":[\"https:\/\/www.itineris-building.fr\/promoteur\/presse\/\"]}]},{\"@type\":\"BreadcrumbList\",\"@id\":\"https:\/\/www.itineris-building.fr\/promoteur\/presse\/#breadcrumb\",\"itemListElement\":[{\"@type\":\"ListItem\",\"position\":1,\"name\":\"Accueil\",\"item\":\"https:\/\/www.itineris-building.fr\/promoteur\/\"},{\"@type\":\"ListItem\",\"position\":2,\"name\":\"Nos articles\"}]},{\"@type\":\"WebSite\",\"@id\":\"https:\/\/www.itineris-building.fr\/promoteur\/#website\",\"url\":\"https:\/\/www.itineris-building.fr\/promoteur\/\",\"name\":\"Itineris Building - Promoteur\",\"description\":\"Un site utilisant WordPress\",\"potentialAction\":[{\"@type\":\"SearchAction\",\"target\":{\"@type\":\"EntryPoint\",\"urlTemplate\":\"https:\/\/www.itineris-building.fr\/promoteur\/?s={search_term_string}\"},\"query-input\":{\"@type\":\"PropertyValueSpecification\",\"valueRequired\":true,\"valueName\":\"search_term_string\"}}],\"inLanguage\":\"fr-FR\"}]}<\/script>\n<!-- \/ Yoast SEO plugin. -->","yoast_head_json":{"title":"Nos articles - Itineris Building - Promoteur","description":"Archives de\u00a0presse. Consultez nos archives de\u00a0presse\u00a0. FICHES PRATIQUES FPI (F\u00e9d\u00e9ration des Promoteurs Immobiliers) Acheter sa r\u00e9sidence principale. La Vente en l\u2019Etat Futur d\u2019Ach\u00e8vement ou vente sur plans. La r\u00e9duction d\u2019imp\u00f4t \u00ab Scellier \u00bb Les aides en faveur des logements neufs \u00ab BBC 2005 \u00bb Cr\u00e9dit d\u2019imp\u00f4t en faveur du d\u00e9veloppement durable. Le pr\u00eat \u00e0 Taux Z\u00e9ro + pour ...","robots":{"index":"index","follow":"follow","max-snippet":"max-snippet:-1","max-image-preview":"max-image-preview:large","max-video-preview":"max-video-preview:-1"},"canonical":"https:\/\/www.itineris-building.fr\/promoteur\/presse\/","og_locale":"fr_FR","og_type":"article","og_title":"Nos articles - Itineris Building - Promoteur","og_description":"Archives de\u00a0presse. Consultez nos archives de\u00a0presse\u00a0. FICHES PRATIQUES FPI (F\u00e9d\u00e9ration des Promoteurs Immobiliers) Acheter sa r\u00e9sidence principale. La Vente en l\u2019Etat Futur d\u2019Ach\u00e8vement ou vente sur plans. La r\u00e9duction d\u2019imp\u00f4t \u00ab Scellier \u00bb Les aides en faveur des logements neufs \u00ab BBC 2005 \u00bb Cr\u00e9dit d\u2019imp\u00f4t en faveur du d\u00e9veloppement durable. Le pr\u00eat \u00e0 Taux Z\u00e9ro + pour ...","og_url":"https:\/\/www.itineris-building.fr\/promoteur\/presse\/","og_site_name":"Itineris Building - Promoteur","article_modified_time":"2021-12-03T13:58:27+00:00","twitter_card":"summary_large_image","twitter_misc":{"Dur\u00e9e de lecture estim\u00e9e":"1 minute"},"schema":{"@context":"https:\/\/schema.org","@graph":[{"@type":"WebPage","@id":"https:\/\/www.itineris-building.fr\/promoteur\/presse\/","url":"https:\/\/www.itineris-building.fr\/promoteur\/presse\/","name":"Nos articles - Itineris Building - Promoteur","isPartOf":{"@id":"https:\/\/www.itineris-building.fr\/promoteur\/#website"},"datePublished":"2019-10-24T09:02:36+00:00","dateModified":"2021-12-03T13:58:27+00:00","description":"Archives de\u00a0presse. Consultez nos archives de\u00a0presse\u00a0. FICHES PRATIQUES FPI (F\u00e9d\u00e9ration des Promoteurs Immobiliers) Acheter sa r\u00e9sidence principale. La Vente en l\u2019Etat Futur d\u2019Ach\u00e8vement ou vente sur plans. La r\u00e9duction d\u2019imp\u00f4t \u00ab Scellier \u00bb Les aides en faveur des logements neufs \u00ab BBC 2005 \u00bb Cr\u00e9dit d\u2019imp\u00f4t en faveur du d\u00e9veloppement durable. Le pr\u00eat \u00e0 Taux Z\u00e9ro + pour ...","breadcrumb":{"@id":"https:\/\/www.itineris-building.fr\/promoteur\/presse\/#breadcrumb"},"inLanguage":"fr-FR","potentialAction":[{"@type":"ReadAction","target":["https:\/\/www.itineris-building.fr\/promoteur\/presse\/"]}]},{"@type":"BreadcrumbList","@id":"https:\/\/www.itineris-building.fr\/promoteur\/presse\/#breadcrumb","itemListElement":[{"@type":"ListItem","position":1,"name":"Accueil","item":"https:\/\/www.itineris-building.fr\/promoteur\/"},{"@type":"ListItem","position":2,"name":"Nos articles"}]},{"@type":"WebSite","@id":"https:\/\/www.itineris-building.fr\/promoteur\/#website","url":"https:\/\/www.itineris-building.fr\/promoteur\/","name":"Itineris Building - Promoteur","description":"Un site utilisant WordPress","potentialAction":[{"@type":"SearchAction","target":{"@type":"EntryPoint","urlTemplate":"https:\/\/www.itineris-building.fr\/promoteur\/?s={search_term_string}"},"query-input":{"@type":"PropertyValueSpecification","valueRequired":true,"valueName":"search_term_string"}}],"inLanguage":"fr-FR"}]}},"_links":{"self":[{"href":"https:\/\/www.itineris-building.fr\/promoteur\/wp-json\/wp\/v2\/pages\/28732","targetHints":{"allow":["GET"]}}],"collection":[{"href":"https:\/\/www.itineris-building.fr\/promoteur\/wp-json\/wp\/v2\/pages"}],"about":[{"href":"https:\/\/www.itineris-building.fr\/promoteur\/wp-json\/wp\/v2\/types\/page"}],"author":[{"embeddable":true,"href":"https:\/\/www.itineris-building.fr\/promoteur\/wp-json\/wp\/v2\/users\/1"}],"replies":[{"embeddable":true,"href":"https:\/\/www.itineris-building.fr\/promoteur\/wp-json\/wp\/v2\/comments?post=28732"}],"version-history":[{"count":48,"href":"https:\/\/www.itineris-building.fr\/promoteur\/wp-json\/wp\/v2\/pages\/28732\/revisions"}],"predecessor-version":[{"id":39930,"href":"https:\/\/www.itineris-building.fr\/promoteur\/wp-json\/wp\/v2\/pages\/28732\/revisions\/39930"}],"wp:attachment":[{"href":"https:\/\/www.itineris-building.fr\/promoteur\/wp-json\/wp\/v2\/media?parent=28732"}],"curies":[{"name":"wp","href":"https:\/\/api.w.org\/{rel}","templated":true}]}}