{"id":2972,"date":"2014-10-22T12:36:54","date_gmt":"2014-10-22T12:36:54","guid":{"rendered":"https:\/\/wpresidence.net\/?page_id=2972"},"modified":"2021-03-16T14:16:36","modified_gmt":"2021-03-16T13:16:36","slug":"terms-and-coditions","status":"publish","type":"page","link":"https:\/\/www.itineris-building.fr\/promoteur\/terms-and-coditions\/","title":{"rendered":"Termes et Conditions"},"content":{"rendered":"\t\t<div data-elementor-type=\"wp-page\" data-elementor-id=\"2972\" class=\"elementor elementor-2972\">\n\t\t\t\t\t\t<section class=\"elementor-section elementor-top-section elementor-element elementor-element-36a41d4e elementor-section-boxed elementor-section-height-default elementor-section-height-default\" data-id=\"36a41d4e\" data-element_type=\"section\">\n\t\t\t\t\t\t<div class=\"elementor-container elementor-column-gap-default\">\n\t\t\t\t\t<div class=\"elementor-column elementor-col-100 elementor-top-column elementor-element elementor-element-79db5636\" data-id=\"79db5636\" data-element_type=\"column\">\n\t\t\t<div class=\"elementor-widget-wrap elementor-element-populated\">\n\t\t\t\t\t\t<div class=\"elementor-element elementor-element-6e94c3b4 elementor-widget elementor-widget-text-editor\" data-id=\"6e94c3b4\" data-element_type=\"widget\" data-widget_type=\"text-editor.default\">\n\t\t\t\t<div class=\"elementor-widget-container\">\n\t\t\t\t\t\t\t\t\t<p>Cette politique de confidentialit\u00e9 r\u00e9git la mani\u00e8re dont Itineris Building recueille, utilise, conserve et divulgue les informations collect\u00e9es aupr\u00e8s des utilisateurs (chacun, un \u00abutilisateur\u00bb) du <a href=\"http:\/\/itineris-building.fr\/\"> http: \/ \/itineris-building.fr\/ <\/a> site Web (\u00abSite\u00bb). Cette politique de confidentialit\u00e9 s&rsquo;applique au Site et \u00e0 tous les produits et services propos\u00e9s par Itineris Building.<\/p><p><b> Informations d&rsquo;identification personnelle<\/b><\/p><p>Nous pouvons collecter des informations d&rsquo;identification personnelle aupr\u00e8s des utilisateurs de diverses mani\u00e8res en relation avec les activit\u00e9s, services, fonctionnalit\u00e9s ou ressources que nous mettons \u00e0 disposition sur notre site. Les utilisateurs peuvent visiter notre site de mani\u00e8re anonyme. Nous collecterons des informations d&rsquo;identification personnelle aupr\u00e8s des utilisateurs uniquement s&rsquo;ils nous soumettent volontairement ces informations. Les utilisateurs peuvent toujours refuser de fournir des informations d&rsquo;identification personnelle, sauf que cela peut les emp\u00eacher de s&rsquo;engager dans certaines activit\u00e9s li\u00e9es au site.<\/p><p><b> Informations d&rsquo;identification non personnelles <\/b><\/p><p>Nous pouvons collecter des informations d&rsquo;identification non personnelles sur les utilisateurs chaque fois qu&rsquo;ils interagissent avec notre site. Les informations d&rsquo;identification non personnelles peuvent inclure le nom du navigateur, le type d&rsquo;ordinateur et des informations techniques sur les moyens de connexion des utilisateurs \u00e0 notre site, tels que le syst\u00e8me d&rsquo;exploitation et les fournisseurs de services Internet utilis\u00e9s et d&rsquo;autres informations similaires.<\/p><p><b> Cookies de navigateur Web <\/b><\/p><p>Notre site peut utiliser des \u00abcookies\u00bb pour am\u00e9liorer l&rsquo;exp\u00e9rience utilisateur. Le navigateur Web de l&rsquo;utilisateur place des cookies sur son disque dur \u00e0 des fins d&rsquo;enregistrement et parfois pour suivre les informations les concernant. L&rsquo;utilisateur peut choisir de configurer son navigateur Web pour refuser les cookies ou pour vous alerter lorsque des cookies sont envoy\u00e9s. S&rsquo;ils le font, notez que certaines parties du site peuvent ne pas fonctionner correctement.<\/p><p><b> Comment nous prot\u00e9geons vos informations <\/b><\/p><p>Nous adoptons des pratiques appropri\u00e9es de collecte, de stockage et de traitement des donn\u00e9es et des mesures de s\u00e9curit\u00e9 pour nous prot\u00e9ger contre l&rsquo;acc\u00e8s, la modification, la divulgation ou la destruction non autoris\u00e9s de vos informations personnelles, nom d&rsquo;utilisateur, mot de passe, informations de transaction et donn\u00e9es stock\u00e9es sur notre site.<\/p><p><b> Partage de vos informations personnelles <\/b><\/p><p>Nous ne vendons, n&rsquo;\u00e9changeons ni ne louons les informations d&rsquo;identification personnelle des utilisateurs \u00e0 des tiers. Nous pouvons partager des informations d\u00e9mographiques agr\u00e9g\u00e9es g\u00e9n\u00e9riques non li\u00e9es \u00e0 des informations d&rsquo;identification personnelle concernant les visiteurs et les utilisateurs avec nos partenaires commerciaux, soci\u00e9t\u00e9s affili\u00e9es de confiance et annonceurs aux fins d\u00e9crites ci-dessus.<\/p><p><b> Modifications de cette politique de confidentialit\u00e9 <\/b><\/p><p>Itineris Building a le pouvoir discr\u00e9tionnaire de mettre \u00e0 jour cette politique de confidentialit\u00e9 \u00e0 tout moment. Lorsque nous le ferons, nous r\u00e9viserons la date de mise \u00e0 jour au bas de cette page. Nous encourageons les utilisateurs \u00e0 consulter fr\u00e9quemment cette page pour tout changement afin de rester inform\u00e9 de la mani\u00e8re dont nous contribuons \u00e0 prot\u00e9ger les informations personnelles que nous collectons. Vous reconnaissez et acceptez qu&rsquo;il est de votre responsabilit\u00e9 de revoir p\u00e9riodiquement cette politique de confidentialit\u00e9 et de prendre connaissance des modifications.<\/p><p><b> Votre acceptation de ces conditions <\/b><\/p><p>En utilisant ce site, vous signifiez votre acceptation de cette politique. Si vous n&rsquo;acceptez pas cette politique, veuillez ne pas utiliser notre site. Votre utilisation continue du site apr\u00e8s l&rsquo;affichage des modifications de cette politique sera consid\u00e9r\u00e9e comme votre acceptation de ces modifications.<\/p>\t\t\t\t\t\t\t\t<\/div>\n\t\t\t\t<\/div>\n\t\t\t\t\t<\/div>\n\t\t<\/div>\n\t\t\t\t\t<\/div>\n\t\t<\/section>\n\t\t\t\t<\/div>\n\t\t","protected":false},"excerpt":{"rendered":"<p>Cette politique de confidentialit\u00e9 r\u00e9git la mani\u00e8re dont Itineris Building recueille, utilise, conserve et divulgue les informations collect\u00e9es aupr\u00e8s des utilisateurs (chacun, un \u00abutilisateur\u00bb) du http: \/ \/itineris-building.fr\/ site Web (\u00abSite\u00bb). Cette politique de confidentialit\u00e9 s&rsquo;applique au Site et \u00e0 tous les produits et services propos\u00e9s par Itineris Building. Informations d&rsquo;identification personnelle Nous pouvons collecter des informations d&rsquo;identification personnelle aupr\u00e8s des utilisateurs de diverses &#8230;<\/p>\n","protected":false},"author":1,"featured_media":0,"parent":0,"menu_order":0,"comment_status":"closed","ping_status":"closed","template":"terms_conditions.php","meta":{"footnotes":""},"class_list":["post-2972","page","type-page","status-publish","hentry"],"yoast_head":"<!-- This site is optimized with the Yoast SEO plugin v26.8 - https:\/\/yoast.com\/product\/yoast-seo-wordpress\/ -->\n<title>Termes et Conditions - Itineris Building - Promoteur<\/title>\n<meta name=\"description\" content=\"Termes et Conditions. Cette politique de confidentialit\u00e9 r\u00e9git la mani\u00e8re dont Itineris Building recueille, utilise, conserve et divulgue les informations collect\u00e9es aupr\u00e8s des utilisateur.\" \/>\n<meta name=\"robots\" content=\"index, follow, max-snippet:-1, max-image-preview:large, max-video-preview:-1\" \/>\n<link rel=\"canonical\" href=\"https:\/\/www.itineris-building.fr\/promoteur\/terms-and-coditions\/\" \/>\n<meta property=\"og:locale\" content=\"fr_FR\" \/>\n<meta property=\"og:type\" content=\"article\" \/>\n<meta property=\"og:title\" content=\"Termes et Conditions - Itineris Building - Promoteur\" \/>\n<meta property=\"og:description\" content=\"Termes et Conditions. Cette politique de confidentialit\u00e9 r\u00e9git la mani\u00e8re dont Itineris Building recueille, utilise, conserve et divulgue les informations collect\u00e9es aupr\u00e8s des utilisateur.\" \/>\n<meta property=\"og:url\" content=\"https:\/\/www.itineris-building.fr\/promoteur\/terms-and-coditions\/\" \/>\n<meta property=\"og:site_name\" content=\"Itineris Building - Promoteur\" \/>\n<meta property=\"article:modified_time\" content=\"2021-03-16T13:16:36+00:00\" \/>\n<meta name=\"twitter:card\" content=\"summary_large_image\" \/>\n<meta name=\"twitter:label1\" content=\"Dur\u00e9e de lecture estim\u00e9e\" \/>\n\t<meta name=\"twitter:data1\" content=\"3 minutes\" \/>\n<script type=\"application\/ld+json\" class=\"yoast-schema-graph\">{\"@context\":\"https:\/\/schema.org\",\"@graph\":[{\"@type\":\"WebPage\",\"@id\":\"https:\/\/www.itineris-building.fr\/promoteur\/terms-and-coditions\/\",\"url\":\"https:\/\/www.itineris-building.fr\/promoteur\/terms-and-coditions\/\",\"name\":\"Termes et Conditions - Itineris Building - Promoteur\",\"isPartOf\":{\"@id\":\"https:\/\/www.itineris-building.fr\/promoteur\/#website\"},\"datePublished\":\"2014-10-22T12:36:54+00:00\",\"dateModified\":\"2021-03-16T13:16:36+00:00\",\"description\":\"Termes et Conditions. Cette politique de confidentialit\u00e9 r\u00e9git la mani\u00e8re dont Itineris Building recueille, utilise, conserve et divulgue les informations collect\u00e9es aupr\u00e8s des utilisateur.\",\"breadcrumb\":{\"@id\":\"https:\/\/www.itineris-building.fr\/promoteur\/terms-and-coditions\/#breadcrumb\"},\"inLanguage\":\"fr-FR\",\"potentialAction\":[{\"@type\":\"ReadAction\",\"target\":[\"https:\/\/www.itineris-building.fr\/promoteur\/terms-and-coditions\/\"]}]},{\"@type\":\"BreadcrumbList\",\"@id\":\"https:\/\/www.itineris-building.fr\/promoteur\/terms-and-coditions\/#breadcrumb\",\"itemListElement\":[{\"@type\":\"ListItem\",\"position\":1,\"name\":\"Accueil\",\"item\":\"https:\/\/www.itineris-building.fr\/promoteur\/\"},{\"@type\":\"ListItem\",\"position\":2,\"name\":\"Termes et Conditions\"}]},{\"@type\":\"WebSite\",\"@id\":\"https:\/\/www.itineris-building.fr\/promoteur\/#website\",\"url\":\"https:\/\/www.itineris-building.fr\/promoteur\/\",\"name\":\"Itineris Building - Promoteur\",\"description\":\"Un site utilisant WordPress\",\"potentialAction\":[{\"@type\":\"SearchAction\",\"target\":{\"@type\":\"EntryPoint\",\"urlTemplate\":\"https:\/\/www.itineris-building.fr\/promoteur\/?s={search_term_string}\"},\"query-input\":{\"@type\":\"PropertyValueSpecification\",\"valueRequired\":true,\"valueName\":\"search_term_string\"}}],\"inLanguage\":\"fr-FR\"}]}<\/script>\n<!-- \/ Yoast SEO plugin. -->","yoast_head_json":{"title":"Termes et Conditions - Itineris Building - Promoteur","description":"Termes et Conditions. Cette politique de confidentialit\u00e9 r\u00e9git la mani\u00e8re dont Itineris Building recueille, utilise, conserve et divulgue les informations collect\u00e9es aupr\u00e8s des utilisateur.","robots":{"index":"index","follow":"follow","max-snippet":"max-snippet:-1","max-image-preview":"max-image-preview:large","max-video-preview":"max-video-preview:-1"},"canonical":"https:\/\/www.itineris-building.fr\/promoteur\/terms-and-coditions\/","og_locale":"fr_FR","og_type":"article","og_title":"Termes et Conditions - Itineris Building - Promoteur","og_description":"Termes et Conditions. Cette politique de confidentialit\u00e9 r\u00e9git la mani\u00e8re dont Itineris Building recueille, utilise, conserve et divulgue les informations collect\u00e9es aupr\u00e8s des utilisateur.","og_url":"https:\/\/www.itineris-building.fr\/promoteur\/terms-and-coditions\/","og_site_name":"Itineris Building - Promoteur","article_modified_time":"2021-03-16T13:16:36+00:00","twitter_card":"summary_large_image","twitter_misc":{"Dur\u00e9e de lecture estim\u00e9e":"3 minutes"},"schema":{"@context":"https:\/\/schema.org","@graph":[{"@type":"WebPage","@id":"https:\/\/www.itineris-building.fr\/promoteur\/terms-and-coditions\/","url":"https:\/\/www.itineris-building.fr\/promoteur\/terms-and-coditions\/","name":"Termes et Conditions - Itineris Building - Promoteur","isPartOf":{"@id":"https:\/\/www.itineris-building.fr\/promoteur\/#website"},"datePublished":"2014-10-22T12:36:54+00:00","dateModified":"2021-03-16T13:16:36+00:00","description":"Termes et Conditions. Cette politique de confidentialit\u00e9 r\u00e9git la mani\u00e8re dont Itineris Building recueille, utilise, conserve et divulgue les informations collect\u00e9es aupr\u00e8s des utilisateur.","breadcrumb":{"@id":"https:\/\/www.itineris-building.fr\/promoteur\/terms-and-coditions\/#breadcrumb"},"inLanguage":"fr-FR","potentialAction":[{"@type":"ReadAction","target":["https:\/\/www.itineris-building.fr\/promoteur\/terms-and-coditions\/"]}]},{"@type":"BreadcrumbList","@id":"https:\/\/www.itineris-building.fr\/promoteur\/terms-and-coditions\/#breadcrumb","itemListElement":[{"@type":"ListItem","position":1,"name":"Accueil","item":"https:\/\/www.itineris-building.fr\/promoteur\/"},{"@type":"ListItem","position":2,"name":"Termes et Conditions"}]},{"@type":"WebSite","@id":"https:\/\/www.itineris-building.fr\/promoteur\/#website","url":"https:\/\/www.itineris-building.fr\/promoteur\/","name":"Itineris Building - Promoteur","description":"Un site utilisant WordPress","potentialAction":[{"@type":"SearchAction","target":{"@type":"EntryPoint","urlTemplate":"https:\/\/www.itineris-building.fr\/promoteur\/?s={search_term_string}"},"query-input":{"@type":"PropertyValueSpecification","valueRequired":true,"valueName":"search_term_string"}}],"inLanguage":"fr-FR"}]}},"_links":{"self":[{"href":"https:\/\/www.itineris-building.fr\/promoteur\/wp-json\/wp\/v2\/pages\/2972","targetHints":{"allow":["GET"]}}],"collection":[{"href":"https:\/\/www.itineris-building.fr\/promoteur\/wp-json\/wp\/v2\/pages"}],"about":[{"href":"https:\/\/www.itineris-building.fr\/promoteur\/wp-json\/wp\/v2\/types\/page"}],"author":[{"embeddable":true,"href":"https:\/\/www.itineris-building.fr\/promoteur\/wp-json\/wp\/v2\/users\/1"}],"replies":[{"embeddable":true,"href":"https:\/\/www.itineris-building.fr\/promoteur\/wp-json\/wp\/v2\/comments?post=2972"}],"version-history":[{"count":18,"href":"https:\/\/www.itineris-building.fr\/promoteur\/wp-json\/wp\/v2\/pages\/2972\/revisions"}],"predecessor-version":[{"id":36895,"href":"https:\/\/www.itineris-building.fr\/promoteur\/wp-json\/wp\/v2\/pages\/2972\/revisions\/36895"}],"wp:attachment":[{"href":"https:\/\/www.itineris-building.fr\/promoteur\/wp-json\/wp\/v2\/media?parent=2972"}],"curies":[{"name":"wp","href":"https:\/\/api.w.org\/{rel}","templated":true}]}}