{"id":35103,"date":"2020-11-06T15:12:23","date_gmt":"2020-11-06T14:12:23","guid":{"rendered":"https:\/\/www.itineris-building.fr\/promoteur\/itineris-building-fr\/"},"modified":"2025-10-13T09:57:35","modified_gmt":"2025-10-13T07:57:35","slug":"recherche","status":"publish","type":"page","link":"https:\/\/www.itineris-building.fr\/promoteur\/recherche\/","title":{"rendered":"Recherche"},"content":{"rendered":"","protected":false},"excerpt":{"rendered":"","protected":false},"author":12,"featured_media":0,"parent":0,"menu_order":0,"comment_status":"closed","ping_status":"closed","template":"advanced_search_results.php","meta":{"footnotes":""},"class_list":["post-35103","page","type-page","status-publish","hentry"],"yoast_head":"<!-- This site is optimized with the Yoast SEO plugin v26.8 - https:\/\/yoast.com\/product\/yoast-seo-wordpress\/ -->\n<title>Recherche - Itineris Building - Promoteur<\/title>\n<meta name=\"description\" content=\"Itineris Bulding Promoteur est promoteur et constructeur d&#039;appartements neufs et r\u00e9sidences \u00e0 Clermont Ferrand, Puy de D\u00f4me (63), Auvergne.\" \/>\n<meta name=\"robots\" content=\"index, follow, max-snippet:-1, max-image-preview:large, max-video-preview:-1\" \/>\n<link rel=\"canonical\" href=\"https:\/\/www.itineris-building.fr\/promoteur\/recherche\/\" \/>\n<meta property=\"og:locale\" content=\"fr_FR\" \/>\n<meta property=\"og:type\" content=\"article\" \/>\n<meta property=\"og:title\" content=\"Recherche - Itineris Building - Promoteur\" \/>\n<meta property=\"og:description\" content=\"Itineris Bulding Promoteur est promoteur et constructeur d&#039;appartements neufs et r\u00e9sidences \u00e0 Clermont Ferrand, Puy de D\u00f4me (63), Auvergne.\" \/>\n<meta property=\"og:url\" content=\"https:\/\/www.itineris-building.fr\/promoteur\/recherche\/\" \/>\n<meta property=\"og:site_name\" content=\"Itineris Building - Promoteur\" \/>\n<meta property=\"article:modified_time\" content=\"2025-10-13T07:57:35+00:00\" \/>\n<meta name=\"twitter:card\" content=\"summary_large_image\" \/>\n<script type=\"application\/ld+json\" class=\"yoast-schema-graph\">{\"@context\":\"https:\/\/schema.org\",\"@graph\":[{\"@type\":\"WebPage\",\"@id\":\"https:\/\/www.itineris-building.fr\/promoteur\/recherche\/\",\"url\":\"https:\/\/www.itineris-building.fr\/promoteur\/recherche\/\",\"name\":\"Recherche - Itineris Building - Promoteur\",\"isPartOf\":{\"@id\":\"https:\/\/www.itineris-building.fr\/promoteur\/#website\"},\"datePublished\":\"2020-11-06T14:12:23+00:00\",\"dateModified\":\"2025-10-13T07:57:35+00:00\",\"description\":\"Itineris Bulding Promoteur est promoteur et constructeur d'appartements neufs et r\u00e9sidences \u00e0 Clermont Ferrand, Puy de D\u00f4me (63), Auvergne.\",\"breadcrumb\":{\"@id\":\"https:\/\/www.itineris-building.fr\/promoteur\/recherche\/#breadcrumb\"},\"inLanguage\":\"fr-FR\",\"potentialAction\":[{\"@type\":\"ReadAction\",\"target\":[\"https:\/\/www.itineris-building.fr\/promoteur\/recherche\/\"]}]},{\"@type\":\"BreadcrumbList\",\"@id\":\"https:\/\/www.itineris-building.fr\/promoteur\/recherche\/#breadcrumb\",\"itemListElement\":[{\"@type\":\"ListItem\",\"position\":1,\"name\":\"Accueil\",\"item\":\"https:\/\/www.itineris-building.fr\/promoteur\/\"},{\"@type\":\"ListItem\",\"position\":2,\"name\":\"Recherche\"}]},{\"@type\":\"WebSite\",\"@id\":\"https:\/\/www.itineris-building.fr\/promoteur\/#website\",\"url\":\"https:\/\/www.itineris-building.fr\/promoteur\/\",\"name\":\"Itineris Building - Promoteur\",\"description\":\"Un site utilisant WordPress\",\"potentialAction\":[{\"@type\":\"SearchAction\",\"target\":{\"@type\":\"EntryPoint\",\"urlTemplate\":\"https:\/\/www.itineris-building.fr\/promoteur\/?s={search_term_string}\"},\"query-input\":{\"@type\":\"PropertyValueSpecification\",\"valueRequired\":true,\"valueName\":\"search_term_string\"}}],\"inLanguage\":\"fr-FR\"}]}<\/script>\n<!-- \/ Yoast SEO plugin. -->","yoast_head_json":{"title":"Recherche - Itineris Building - Promoteur","description":"Itineris Bulding Promoteur est promoteur et constructeur d'appartements neufs et r\u00e9sidences \u00e0 Clermont Ferrand, Puy de D\u00f4me (63), Auvergne.","robots":{"index":"index","follow":"follow","max-snippet":"max-snippet:-1","max-image-preview":"max-image-preview:large","max-video-preview":"max-video-preview:-1"},"canonical":"https:\/\/www.itineris-building.fr\/promoteur\/recherche\/","og_locale":"fr_FR","og_type":"article","og_title":"Recherche - Itineris Building - Promoteur","og_description":"Itineris Bulding Promoteur est promoteur et constructeur d'appartements neufs et r\u00e9sidences \u00e0 Clermont Ferrand, Puy de D\u00f4me (63), Auvergne.","og_url":"https:\/\/www.itineris-building.fr\/promoteur\/recherche\/","og_site_name":"Itineris Building - Promoteur","article_modified_time":"2025-10-13T07:57:35+00:00","twitter_card":"summary_large_image","schema":{"@context":"https:\/\/schema.org","@graph":[{"@type":"WebPage","@id":"https:\/\/www.itineris-building.fr\/promoteur\/recherche\/","url":"https:\/\/www.itineris-building.fr\/promoteur\/recherche\/","name":"Recherche - Itineris Building - Promoteur","isPartOf":{"@id":"https:\/\/www.itineris-building.fr\/promoteur\/#website"},"datePublished":"2020-11-06T14:12:23+00:00","dateModified":"2025-10-13T07:57:35+00:00","description":"Itineris Bulding Promoteur est promoteur et constructeur d'appartements neufs et r\u00e9sidences \u00e0 Clermont Ferrand, Puy de D\u00f4me (63), Auvergne.","breadcrumb":{"@id":"https:\/\/www.itineris-building.fr\/promoteur\/recherche\/#breadcrumb"},"inLanguage":"fr-FR","potentialAction":[{"@type":"ReadAction","target":["https:\/\/www.itineris-building.fr\/promoteur\/recherche\/"]}]},{"@type":"BreadcrumbList","@id":"https:\/\/www.itineris-building.fr\/promoteur\/recherche\/#breadcrumb","itemListElement":[{"@type":"ListItem","position":1,"name":"Accueil","item":"https:\/\/www.itineris-building.fr\/promoteur\/"},{"@type":"ListItem","position":2,"name":"Recherche"}]},{"@type":"WebSite","@id":"https:\/\/www.itineris-building.fr\/promoteur\/#website","url":"https:\/\/www.itineris-building.fr\/promoteur\/","name":"Itineris Building - Promoteur","description":"Un site utilisant WordPress","potentialAction":[{"@type":"SearchAction","target":{"@type":"EntryPoint","urlTemplate":"https:\/\/www.itineris-building.fr\/promoteur\/?s={search_term_string}"},"query-input":{"@type":"PropertyValueSpecification","valueRequired":true,"valueName":"search_term_string"}}],"inLanguage":"fr-FR"}]}},"_links":{"self":[{"href":"https:\/\/www.itineris-building.fr\/promoteur\/wp-json\/wp\/v2\/pages\/35103","targetHints":{"allow":["GET"]}}],"collection":[{"href":"https:\/\/www.itineris-building.fr\/promoteur\/wp-json\/wp\/v2\/pages"}],"about":[{"href":"https:\/\/www.itineris-building.fr\/promoteur\/wp-json\/wp\/v2\/types\/page"}],"author":[{"embeddable":true,"href":"https:\/\/www.itineris-building.fr\/promoteur\/wp-json\/wp\/v2\/users\/12"}],"replies":[{"embeddable":true,"href":"https:\/\/www.itineris-building.fr\/promoteur\/wp-json\/wp\/v2\/comments?post=35103"}],"version-history":[{"count":2,"href":"https:\/\/www.itineris-building.fr\/promoteur\/wp-json\/wp\/v2\/pages\/35103\/revisions"}],"predecessor-version":[{"id":40866,"href":"https:\/\/www.itineris-building.fr\/promoteur\/wp-json\/wp\/v2\/pages\/35103\/revisions\/40866"}],"wp:attachment":[{"href":"https:\/\/www.itineris-building.fr\/promoteur\/wp-json\/wp\/v2\/media?parent=35103"}],"curies":[{"name":"wp","href":"https:\/\/api.w.org\/{rel}","templated":true}]}}