{"id":40119,"date":"2021-12-21T14:52:30","date_gmt":"2021-12-21T13:52:30","guid":{"rendered":"https:\/\/www.itineris-building.fr\/promoteur\/?page_id=40119"},"modified":"2021-12-21T14:55:17","modified_gmt":"2021-12-21T13:55:17","slug":"podcasts-interviews-radios","status":"publish","type":"page","link":"https:\/\/www.itineris-building.fr\/promoteur\/podcasts-interviews-radios\/","title":{"rendered":"Podcasts &#8211; Interviews Radios"},"content":{"rendered":"\t\t<div data-elementor-type=\"wp-page\" data-elementor-id=\"40119\" class=\"elementor elementor-40119\">\n\t\t\t\t\t\t<section class=\"elementor-section elementor-top-section elementor-element elementor-element-d54a7d6 elementor-section-boxed elementor-section-height-default elementor-section-height-default\" data-id=\"d54a7d6\" data-element_type=\"section\">\n\t\t\t\t\t\t<div class=\"elementor-container elementor-column-gap-default\">\n\t\t\t\t\t<div class=\"elementor-column elementor-col-100 elementor-top-column elementor-element elementor-element-e454ba0\" data-id=\"e454ba0\" data-element_type=\"column\">\n\t\t\t<div class=\"elementor-widget-wrap elementor-element-populated\">\n\t\t\t\t\t\t<div class=\"elementor-element elementor-element-b772830 elementor-widget elementor-widget-spacer\" data-id=\"b772830\" data-element_type=\"widget\" data-widget_type=\"spacer.default\">\n\t\t\t\t<div class=\"elementor-widget-container\">\n\t\t\t\t\t\t\t<div class=\"elementor-spacer\">\n\t\t\t<div class=\"elementor-spacer-inner\"><\/div>\n\t\t<\/div>\n\t\t\t\t\t\t<\/div>\n\t\t\t\t<\/div>\n\t\t\t\t\t<\/div>\n\t\t<\/div>\n\t\t\t\t\t<\/div>\n\t\t<\/section>\n\t\t\t\t<section class=\"elementor-section elementor-top-section elementor-element elementor-element-487fbca elementor-section-boxed elementor-section-height-default elementor-section-height-default\" data-id=\"487fbca\" data-element_type=\"section\">\n\t\t\t\t\t\t<div class=\"elementor-container elementor-column-gap-default\">\n\t\t\t\t\t<div class=\"elementor-column elementor-col-100 elementor-top-column elementor-element elementor-element-f371b10\" data-id=\"f371b10\" data-element_type=\"column\">\n\t\t\t<div class=\"elementor-widget-wrap elementor-element-populated\">\n\t\t\t\t\t\t<div class=\"elementor-element elementor-element-768303a elementor-widget elementor-widget-image\" data-id=\"768303a\" data-element_type=\"widget\" data-widget_type=\"image.default\">\n\t\t\t\t<div class=\"elementor-widget-container\">\n\t\t\t\t\t\t\t\t\t\t\t\t\t\t\t<img fetchpriority=\"high\" decoding=\"async\" width=\"400\" height=\"400\" src=\"https:\/\/www.itineris-building.fr\/promoteur\/wp-content\/uploads\/2021\/12\/eDitdBx04i2WBOWEbpc5IqvIb6huh18kamgFu0Uw_400x400.jpeg\" class=\"attachment-large size-large wp-image-40122\" alt=\"\" srcset=\"https:\/\/www.itineris-building.fr\/promoteur\/wp-content\/uploads\/2021\/12\/eDitdBx04i2WBOWEbpc5IqvIb6huh18kamgFu0Uw_400x400.jpeg 400w, https:\/\/www.itineris-building.fr\/promoteur\/wp-content\/uploads\/2021\/12\/eDitdBx04i2WBOWEbpc5IqvIb6huh18kamgFu0Uw_400x400-300x300.jpeg 300w, https:\/\/www.itineris-building.fr\/promoteur\/wp-content\/uploads\/2021\/12\/eDitdBx04i2WBOWEbpc5IqvIb6huh18kamgFu0Uw_400x400-150x150.jpeg 150w, https:\/\/www.itineris-building.fr\/promoteur\/wp-content\/uploads\/2021\/12\/eDitdBx04i2WBOWEbpc5IqvIb6huh18kamgFu0Uw_400x400-120x120.jpeg 120w, https:\/\/www.itineris-building.fr\/promoteur\/wp-content\/uploads\/2021\/12\/eDitdBx04i2WBOWEbpc5IqvIb6huh18kamgFu0Uw_400x400-45x45.jpeg 45w, https:\/\/www.itineris-building.fr\/promoteur\/wp-content\/uploads\/2021\/12\/eDitdBx04i2WBOWEbpc5IqvIb6huh18kamgFu0Uw_400x400-36x36.jpeg 36w\" sizes=\"(max-width: 400px) 100vw, 400px\" \/>\t\t\t\t\t\t\t\t\t\t\t\t\t\t\t<\/div>\n\t\t\t\t<\/div>\n\t\t\t\t<div class=\"elementor-element elementor-element-b0f9c70 elementor-widget elementor-widget-text-editor\" data-id=\"b0f9c70\" data-element_type=\"widget\" data-widget_type=\"text-editor.default\">\n\t\t\t\t<div class=\"elementor-widget-container\">\n\t\t\t\t\t\t\t\t\t<p><strong>(Podcast Logic-Immo du 12 mars 2021)<\/strong><\/p><p><strong>Ecouter le podcast :<\/strong><\/p><p><a href=\"https:\/\/podcast.ausha.co\/la-minute-du-pro\/le-marche-immobilier-neuf-de-clermont-ferra\" target=\"_blank\" rel=\"noopener\">Entretien avec Philippe Vigneron, dirigeant d\u2019ITINERIS BUILDING Promotion et ITINERIS BUILDING Transaction<\/a><\/p>\t\t\t\t\t\t\t\t<\/div>\n\t\t\t\t<\/div>\n\t\t\t\t\t<\/div>\n\t\t<\/div>\n\t\t\t\t\t<\/div>\n\t\t<\/section>\n\t\t\t\t<\/div>\n\t\t","protected":false},"excerpt":{"rendered":"<p>(Podcast Logic-Immo du 12 mars 2021) Ecouter le podcast : Entretien avec Philippe Vigneron, dirigeant d\u2019ITINERIS BUILDING Promotion et ITINERIS BUILDING Transaction<\/p>\n","protected":false},"author":1,"featured_media":0,"parent":0,"menu_order":0,"comment_status":"closed","ping_status":"closed","template":"","meta":{"footnotes":""},"class_list":["post-40119","page","type-page","status-publish","hentry"],"yoast_head":"<!-- This site is optimized with the Yoast SEO plugin v26.8 - https:\/\/yoast.com\/product\/yoast-seo-wordpress\/ -->\n<title>Podcasts - Interviews Radios - Itineris Building - Promoteur<\/title>\n<meta name=\"description\" content=\"Qui sommes nous\u00a0? |\u00a0Itineris Building\u00a0Programmes immobiliers et appartements neufs en Auvergne Qui sommes nous ? Depuis sa cr\u00e9ation par Philippe Vigneron en 1994,\u00a0ITINERIS BUILDING construit\u00a0pour ses clients des r\u00e9sidences de grande qualit\u00e9 sur des emplacements s\u00e9lectionn\u00e9s avec soin.\" \/>\n<meta name=\"robots\" content=\"index, follow, max-snippet:-1, max-image-preview:large, max-video-preview:-1\" \/>\n<link rel=\"canonical\" href=\"https:\/\/www.itineris-building.fr\/promoteur\/podcasts-interviews-radios\/\" \/>\n<meta property=\"og:locale\" content=\"fr_FR\" \/>\n<meta property=\"og:type\" content=\"article\" \/>\n<meta property=\"og:title\" content=\"Podcasts - Interviews Radios - Itineris Building - Promoteur\" \/>\n<meta property=\"og:description\" content=\"Qui sommes nous\u00a0? |\u00a0Itineris Building\u00a0Programmes immobiliers et appartements neufs en Auvergne Qui sommes nous ? Depuis sa cr\u00e9ation par Philippe Vigneron en 1994,\u00a0ITINERIS BUILDING construit\u00a0pour ses clients des r\u00e9sidences de grande qualit\u00e9 sur des emplacements s\u00e9lectionn\u00e9s avec soin.\" \/>\n<meta property=\"og:url\" content=\"https:\/\/www.itineris-building.fr\/promoteur\/podcasts-interviews-radios\/\" \/>\n<meta property=\"og:site_name\" content=\"Itineris Building - Promoteur\" \/>\n<meta property=\"article:modified_time\" content=\"2021-12-21T13:55:17+00:00\" \/>\n<meta property=\"og:image\" content=\"https:\/\/www.itineris-building.fr\/promoteur\/wp-content\/uploads\/2021\/12\/eDitdBx04i2WBOWEbpc5IqvIb6huh18kamgFu0Uw_400x400.jpeg\" \/>\n<meta name=\"twitter:card\" content=\"summary_large_image\" \/>\n<meta name=\"twitter:label1\" content=\"Dur\u00e9e de lecture estim\u00e9e\" \/>\n\t<meta name=\"twitter:data1\" content=\"1 minute\" \/>\n<script type=\"application\/ld+json\" class=\"yoast-schema-graph\">{\"@context\":\"https:\/\/schema.org\",\"@graph\":[{\"@type\":\"WebPage\",\"@id\":\"https:\/\/www.itineris-building.fr\/promoteur\/podcasts-interviews-radios\/\",\"url\":\"https:\/\/www.itineris-building.fr\/promoteur\/podcasts-interviews-radios\/\",\"name\":\"Podcasts - Interviews Radios - Itineris Building - Promoteur\",\"isPartOf\":{\"@id\":\"https:\/\/www.itineris-building.fr\/promoteur\/#website\"},\"primaryImageOfPage\":{\"@id\":\"https:\/\/www.itineris-building.fr\/promoteur\/podcasts-interviews-radios\/#primaryimage\"},\"image\":{\"@id\":\"https:\/\/www.itineris-building.fr\/promoteur\/podcasts-interviews-radios\/#primaryimage\"},\"thumbnailUrl\":\"https:\/\/www.itineris-building.fr\/promoteur\/wp-content\/uploads\/2021\/12\/eDitdBx04i2WBOWEbpc5IqvIb6huh18kamgFu0Uw_400x400.jpeg\",\"datePublished\":\"2021-12-21T13:52:30+00:00\",\"dateModified\":\"2021-12-21T13:55:17+00:00\",\"description\":\"Qui sommes nous\u00a0? |\u00a0Itineris Building\u00a0Programmes immobiliers et appartements neufs en Auvergne Qui sommes nous ? Depuis sa cr\u00e9ation par Philippe Vigneron en 1994,\u00a0ITINERIS BUILDING construit\u00a0pour ses clients des r\u00e9sidences de grande qualit\u00e9 sur des emplacements s\u00e9lectionn\u00e9s avec soin.\",\"breadcrumb\":{\"@id\":\"https:\/\/www.itineris-building.fr\/promoteur\/podcasts-interviews-radios\/#breadcrumb\"},\"inLanguage\":\"fr-FR\",\"potentialAction\":[{\"@type\":\"ReadAction\",\"target\":[\"https:\/\/www.itineris-building.fr\/promoteur\/podcasts-interviews-radios\/\"]}]},{\"@type\":\"ImageObject\",\"inLanguage\":\"fr-FR\",\"@id\":\"https:\/\/www.itineris-building.fr\/promoteur\/podcasts-interviews-radios\/#primaryimage\",\"url\":\"https:\/\/www.itineris-building.fr\/promoteur\/wp-content\/uploads\/2021\/12\/eDitdBx04i2WBOWEbpc5IqvIb6huh18kamgFu0Uw_400x400.jpeg\",\"contentUrl\":\"https:\/\/www.itineris-building.fr\/promoteur\/wp-content\/uploads\/2021\/12\/eDitdBx04i2WBOWEbpc5IqvIb6huh18kamgFu0Uw_400x400.jpeg\",\"width\":400,\"height\":400},{\"@type\":\"BreadcrumbList\",\"@id\":\"https:\/\/www.itineris-building.fr\/promoteur\/podcasts-interviews-radios\/#breadcrumb\",\"itemListElement\":[{\"@type\":\"ListItem\",\"position\":1,\"name\":\"Accueil\",\"item\":\"https:\/\/www.itineris-building.fr\/promoteur\/\"},{\"@type\":\"ListItem\",\"position\":2,\"name\":\"Podcasts &#8211; Interviews Radios\"}]},{\"@type\":\"WebSite\",\"@id\":\"https:\/\/www.itineris-building.fr\/promoteur\/#website\",\"url\":\"https:\/\/www.itineris-building.fr\/promoteur\/\",\"name\":\"Itineris Building - Promoteur\",\"description\":\"Un site utilisant WordPress\",\"potentialAction\":[{\"@type\":\"SearchAction\",\"target\":{\"@type\":\"EntryPoint\",\"urlTemplate\":\"https:\/\/www.itineris-building.fr\/promoteur\/?s={search_term_string}\"},\"query-input\":{\"@type\":\"PropertyValueSpecification\",\"valueRequired\":true,\"valueName\":\"search_term_string\"}}],\"inLanguage\":\"fr-FR\"}]}<\/script>\n<!-- \/ Yoast SEO plugin. -->","yoast_head_json":{"title":"Podcasts - Interviews Radios - Itineris Building - Promoteur","description":"Qui sommes nous\u00a0? |\u00a0Itineris Building\u00a0Programmes immobiliers et appartements neufs en Auvergne Qui sommes nous ? Depuis sa cr\u00e9ation par Philippe Vigneron en 1994,\u00a0ITINERIS BUILDING construit\u00a0pour ses clients des r\u00e9sidences de grande qualit\u00e9 sur des emplacements s\u00e9lectionn\u00e9s avec soin.","robots":{"index":"index","follow":"follow","max-snippet":"max-snippet:-1","max-image-preview":"max-image-preview:large","max-video-preview":"max-video-preview:-1"},"canonical":"https:\/\/www.itineris-building.fr\/promoteur\/podcasts-interviews-radios\/","og_locale":"fr_FR","og_type":"article","og_title":"Podcasts - Interviews Radios - Itineris Building - Promoteur","og_description":"Qui sommes nous\u00a0? |\u00a0Itineris Building\u00a0Programmes immobiliers et appartements neufs en Auvergne Qui sommes nous ? Depuis sa cr\u00e9ation par Philippe Vigneron en 1994,\u00a0ITINERIS BUILDING construit\u00a0pour ses clients des r\u00e9sidences de grande qualit\u00e9 sur des emplacements s\u00e9lectionn\u00e9s avec soin.","og_url":"https:\/\/www.itineris-building.fr\/promoteur\/podcasts-interviews-radios\/","og_site_name":"Itineris Building - Promoteur","article_modified_time":"2021-12-21T13:55:17+00:00","og_image":[{"url":"https:\/\/www.itineris-building.fr\/promoteur\/wp-content\/uploads\/2021\/12\/eDitdBx04i2WBOWEbpc5IqvIb6huh18kamgFu0Uw_400x400.jpeg","type":"","width":"","height":""}],"twitter_card":"summary_large_image","twitter_misc":{"Dur\u00e9e de lecture estim\u00e9e":"1 minute"},"schema":{"@context":"https:\/\/schema.org","@graph":[{"@type":"WebPage","@id":"https:\/\/www.itineris-building.fr\/promoteur\/podcasts-interviews-radios\/","url":"https:\/\/www.itineris-building.fr\/promoteur\/podcasts-interviews-radios\/","name":"Podcasts - Interviews Radios - Itineris Building - Promoteur","isPartOf":{"@id":"https:\/\/www.itineris-building.fr\/promoteur\/#website"},"primaryImageOfPage":{"@id":"https:\/\/www.itineris-building.fr\/promoteur\/podcasts-interviews-radios\/#primaryimage"},"image":{"@id":"https:\/\/www.itineris-building.fr\/promoteur\/podcasts-interviews-radios\/#primaryimage"},"thumbnailUrl":"https:\/\/www.itineris-building.fr\/promoteur\/wp-content\/uploads\/2021\/12\/eDitdBx04i2WBOWEbpc5IqvIb6huh18kamgFu0Uw_400x400.jpeg","datePublished":"2021-12-21T13:52:30+00:00","dateModified":"2021-12-21T13:55:17+00:00","description":"Qui sommes nous\u00a0? |\u00a0Itineris Building\u00a0Programmes immobiliers et appartements neufs en Auvergne Qui sommes nous ? Depuis sa cr\u00e9ation par Philippe Vigneron en 1994,\u00a0ITINERIS BUILDING construit\u00a0pour ses clients des r\u00e9sidences de grande qualit\u00e9 sur des emplacements s\u00e9lectionn\u00e9s avec soin.","breadcrumb":{"@id":"https:\/\/www.itineris-building.fr\/promoteur\/podcasts-interviews-radios\/#breadcrumb"},"inLanguage":"fr-FR","potentialAction":[{"@type":"ReadAction","target":["https:\/\/www.itineris-building.fr\/promoteur\/podcasts-interviews-radios\/"]}]},{"@type":"ImageObject","inLanguage":"fr-FR","@id":"https:\/\/www.itineris-building.fr\/promoteur\/podcasts-interviews-radios\/#primaryimage","url":"https:\/\/www.itineris-building.fr\/promoteur\/wp-content\/uploads\/2021\/12\/eDitdBx04i2WBOWEbpc5IqvIb6huh18kamgFu0Uw_400x400.jpeg","contentUrl":"https:\/\/www.itineris-building.fr\/promoteur\/wp-content\/uploads\/2021\/12\/eDitdBx04i2WBOWEbpc5IqvIb6huh18kamgFu0Uw_400x400.jpeg","width":400,"height":400},{"@type":"BreadcrumbList","@id":"https:\/\/www.itineris-building.fr\/promoteur\/podcasts-interviews-radios\/#breadcrumb","itemListElement":[{"@type":"ListItem","position":1,"name":"Accueil","item":"https:\/\/www.itineris-building.fr\/promoteur\/"},{"@type":"ListItem","position":2,"name":"Podcasts &#8211; Interviews Radios"}]},{"@type":"WebSite","@id":"https:\/\/www.itineris-building.fr\/promoteur\/#website","url":"https:\/\/www.itineris-building.fr\/promoteur\/","name":"Itineris Building - Promoteur","description":"Un site utilisant WordPress","potentialAction":[{"@type":"SearchAction","target":{"@type":"EntryPoint","urlTemplate":"https:\/\/www.itineris-building.fr\/promoteur\/?s={search_term_string}"},"query-input":{"@type":"PropertyValueSpecification","valueRequired":true,"valueName":"search_term_string"}}],"inLanguage":"fr-FR"}]}},"_links":{"self":[{"href":"https:\/\/www.itineris-building.fr\/promoteur\/wp-json\/wp\/v2\/pages\/40119","targetHints":{"allow":["GET"]}}],"collection":[{"href":"https:\/\/www.itineris-building.fr\/promoteur\/wp-json\/wp\/v2\/pages"}],"about":[{"href":"https:\/\/www.itineris-building.fr\/promoteur\/wp-json\/wp\/v2\/types\/page"}],"author":[{"embeddable":true,"href":"https:\/\/www.itineris-building.fr\/promoteur\/wp-json\/wp\/v2\/users\/1"}],"replies":[{"embeddable":true,"href":"https:\/\/www.itineris-building.fr\/promoteur\/wp-json\/wp\/v2\/comments?post=40119"}],"version-history":[{"count":4,"href":"https:\/\/www.itineris-building.fr\/promoteur\/wp-json\/wp\/v2\/pages\/40119\/revisions"}],"predecessor-version":[{"id":40125,"href":"https:\/\/www.itineris-building.fr\/promoteur\/wp-json\/wp\/v2\/pages\/40119\/revisions\/40125"}],"wp:attachment":[{"href":"https:\/\/www.itineris-building.fr\/promoteur\/wp-json\/wp\/v2\/media?parent=40119"}],"curies":[{"name":"wp","href":"https:\/\/api.w.org\/{rel}","templated":true}]}}